{"id":225,"date":"2026-02-16T00:36:58","date_gmt":"2026-02-15T23:36:58","guid":{"rendered":"https:\/\/gastrotesoro.com.pl\/?page_id=225"},"modified":"2026-02-16T00:49:07","modified_gmt":"2026-02-15T23:49:07","slug":"o-nas","status":"publish","type":"page","link":"https:\/\/gastrotesoro.com.pl\/?page_id=225","title":{"rendered":"O nas"},"content":{"rendered":"\n<p class=\"gtfy-1\" style=\"font-size:1.2rem\"><em><strong>Witaj w Gastro Tesoro, <\/strong><\/em><\/p>\n\n\n\n<p class=\"gtfy-4\" style=\"font-size:1.2rem\">miejscu stworzonym z mi\u0142o\u015bci do doskona\u0142ej kuchni i wyj\u0105tkowej atmosfery. Nasza sala bankietowa, po\u0142o\u017cona w samym sercu Czeladzi, to przestrze\u0144, w kt\u00f3rej ka\u017cda wizyta staje si\u0119 niezapomnianym do\u015bwiadczeniem.<\/p>\n\n\n\n<p class=\"gtfy-7\" style=\"font-size:1.2rem\"><strong>Nasza Filozofia: Wi\u0119cej ni\u017c jedzenie<\/strong> Wierzymy, \u017ce jedzenie to co\u015b znacznie wi\u0119cej ni\u017c tylko zaspokajanie g\u0142odu. To do\u015bwiadczenie, kt\u00f3re \u0142\u0105czy ludzi, budzi najpi\u0119kniejsze wspomnienia i tworzy t\u0142o dla nowych, wsp\u00f3lnych historii. Dlatego wk\u0142adamy ca\u0142e serce w to, aby ka\u017cdy posi\u0142ek serwowany naszym go\u015bciom by\u0142 nie tylko smaczny, ale i wyj\u0105tkowy.<\/p>\n\n\n\n<figure class=\"wp-block-image size-large gtfy-10\"><img loading=\"lazy\" decoding=\"async\" width=\"1024\" height=\"559\" src=\"https:\/\/gastrotesoro.com.pl\/wp-content\/uploads\/2026\/02\/Gemini_Generated_Image_ttc020ttc020ttc0-1024x559.png\" alt=\"\" class=\"wp-image-227\"\/><\/figure>\n\n\n\n<p class=\"gtfy-13\" style=\"font-size:1.2em\"><strong>Kuchnia: Powr\u00f3t do korzeni z nut\u0105 fantazji<\/strong> Podstaw\u0105 naszej kuchni s\u0105 najwy\u017cszej jako\u015bci sk\u0142adniki. To dzi\u0119ki nim mo\u017cemy z dum\u0105 serwowa\u0107 klasyczne potrawy kuchni polskiej, przygotowywane wed\u0142ug sprawdzonych, tradycyjnych receptur. Nie boimy si\u0119 jednak innowacji \u2013 nasze dania wzbogacamy o nut\u0119 nowoczesno\u015bci, kt\u00f3ra zaskakuje i zachwyca podniebienia.<\/p>\n\n\n\n<p class=\"gtfy-16\" style=\"font-size:1.2em\"><strong>Miejsce na Twoj\u0105 Uroczysto\u015b\u0107<\/strong> Gastro Tesoro to urocze miejsce, kt\u00f3re zachwyca swoj\u0105 przytuln\u0105 atmosfer\u0105. Jest idealn\u0105 przestrzeni\u0105 do organizacji wszelkiego rodzaju wydarze\u0144. Niezale\u017cnie od tego, czy planujesz kameralne spotkanie rodzinne, huczne przyj\u0119cie okoliczno\u015bciowe, profesjonalne spotkanie biznesowe czy konferencj\u0119 \u2013 zapewnimy Ci profesjonaln\u0105 obs\u0142ug\u0119 i szereg udogodnie\u0144, kt\u00f3re sprawi\u0105, \u017ce Twoja uroczysto\u015b\u0107 b\u0119dzie perfekcyjna.<\/p>\n\n\n\n<p class=\"gtfy-19\" style=\"font-size:1.2em\">Zapraszamy do sto\u0142u w Gastro Tesoro!<\/p>\n","protected":false},"excerpt":{"rendered":"<p>Witaj w Gastro Tesoro, miejscu stworzonym z mi\u0142o\u015bci do doskona\u0142ej kuchni i wyj\u0105tkowej atmosfery. Nasza [&hellip;]<\/p>\n","protected":false},"author":1,"featured_media":0,"parent":0,"menu_order":0,"comment_status":"closed","ping_status":"closed","template":"","meta":{"footnotes":""},"class_list":["post-225","page","type-page","status-publish","hentry"],"yoast_head":"<!-- This site is optimized with the Yoast SEO plugin v27.1.1 - https:\/\/yoast.com\/product\/yoast-seo-wordpress\/ -->\n<title>O nas - Gastro Tesoro<\/title>\n<meta name=\"robots\" content=\"index, follow, max-snippet:-1, max-image-preview:large, max-video-preview:-1\" \/>\n<link rel=\"canonical\" href=\"https:\/\/gastrotesoro.com.pl\/?page_id=225\" \/>\n<meta property=\"og:locale\" content=\"en_US\" \/>\n<meta property=\"og:type\" content=\"article\" \/>\n<meta property=\"og:title\" content=\"O nas - Gastro Tesoro\" \/>\n<meta property=\"og:description\" content=\"Witaj w Gastro Tesoro, miejscu stworzonym z mi\u0142o\u015bci do doskona\u0142ej kuchni i wyj\u0105tkowej atmosfery. Nasza [&hellip;]\" \/>\n<meta property=\"og:url\" content=\"https:\/\/gastrotesoro.com.pl\/?page_id=225\" \/>\n<meta property=\"og:site_name\" content=\"Gastro Tesoro\" \/>\n<meta property=\"article:modified_time\" content=\"2026-02-15T23:49:07+00:00\" \/>\n<meta property=\"og:image\" content=\"https:\/\/gastrotesoro.com.pl\/wp-content\/uploads\/2026\/02\/Gemini_Generated_Image_ttc020ttc020ttc0-1024x559.png\" \/>\n\t<meta property=\"og:image:width\" content=\"1024\" \/>\n\t<meta property=\"og:image:height\" content=\"559\" \/>\n\t<meta property=\"og:image:type\" content=\"image\/png\" \/>\n<meta name=\"twitter:card\" content=\"summary_large_image\" \/>\n<meta name=\"twitter:label1\" content=\"Est. reading time\" \/>\n\t<meta name=\"twitter:data1\" content=\"1 minute\" \/>\n<script type=\"application\/ld+json\" class=\"yoast-schema-graph\">{\"@context\":\"https:\/\/schema.org\",\"@graph\":[{\"@type\":\"WebPage\",\"@id\":\"https:\/\/gastrotesoro.com.pl\/?page_id=225\",\"url\":\"https:\/\/gastrotesoro.com.pl\/?page_id=225\",\"name\":\"O nas - Gastro Tesoro\",\"isPartOf\":{\"@id\":\"https:\/\/gastrotesoro.com.pl\/#website\"},\"primaryImageOfPage\":{\"@id\":\"https:\/\/gastrotesoro.com.pl\/?page_id=225#primaryimage\"},\"image\":{\"@id\":\"https:\/\/gastrotesoro.com.pl\/?page_id=225#primaryimage\"},\"thumbnailUrl\":\"https:\/\/gastrotesoro.com.pl\/wp-content\/uploads\/2026\/02\/Gemini_Generated_Image_ttc020ttc020ttc0-1024x559.png\",\"datePublished\":\"2026-02-15T23:36:58+00:00\",\"dateModified\":\"2026-02-15T23:49:07+00:00\",\"breadcrumb\":{\"@id\":\"https:\/\/gastrotesoro.com.pl\/?page_id=225#breadcrumb\"},\"inLanguage\":\"en-US\",\"potentialAction\":[{\"@type\":\"ReadAction\",\"target\":[\"https:\/\/gastrotesoro.com.pl\/?page_id=225\"]}]},{\"@type\":\"ImageObject\",\"inLanguage\":\"en-US\",\"@id\":\"https:\/\/gastrotesoro.com.pl\/?page_id=225#primaryimage\",\"url\":\"https:\/\/gastrotesoro.com.pl\/wp-content\/uploads\/2026\/02\/Gemini_Generated_Image_ttc020ttc020ttc0-scaled-e1771198945317.png\",\"contentUrl\":\"https:\/\/gastrotesoro.com.pl\/wp-content\/uploads\/2026\/02\/Gemini_Generated_Image_ttc020ttc020ttc0-scaled-e1771198945317.png\",\"width\":1800,\"height\":982},{\"@type\":\"BreadcrumbList\",\"@id\":\"https:\/\/gastrotesoro.com.pl\/?page_id=225#breadcrumb\",\"itemListElement\":[{\"@type\":\"ListItem\",\"position\":1,\"name\":\"Home\",\"item\":\"https:\/\/gastrotesoro.com.pl\/\"},{\"@type\":\"ListItem\",\"position\":2,\"name\":\"O nas\"}]},{\"@type\":\"WebSite\",\"@id\":\"https:\/\/gastrotesoro.com.pl\/#website\",\"url\":\"https:\/\/gastrotesoro.com.pl\/\",\"name\":\"Gastro Tesoro\",\"description\":\"\",\"publisher\":{\"@id\":\"https:\/\/gastrotesoro.com.pl\/#organization\"},\"potentialAction\":[{\"@type\":\"SearchAction\",\"target\":{\"@type\":\"EntryPoint\",\"urlTemplate\":\"https:\/\/gastrotesoro.com.pl\/?s={search_term_string}\"},\"query-input\":{\"@type\":\"PropertyValueSpecification\",\"valueRequired\":true,\"valueName\":\"search_term_string\"}}],\"inLanguage\":\"en-US\"},{\"@type\":\"Organization\",\"@id\":\"https:\/\/gastrotesoro.com.pl\/#organization\",\"name\":\"Gastro Tesoro\",\"url\":\"https:\/\/gastrotesoro.com.pl\/\",\"logo\":{\"@type\":\"ImageObject\",\"inLanguage\":\"en-US\",\"@id\":\"https:\/\/gastrotesoro.com.pl\/#\/schema\/logo\/image\/\",\"url\":\"https:\/\/gastrotesoro.com.pl\/wp-content\/uploads\/2026\/02\/WhatsApp-Image-2026-02-05-at-23.49.png\",\"contentUrl\":\"https:\/\/gastrotesoro.com.pl\/wp-content\/uploads\/2026\/02\/WhatsApp-Image-2026-02-05-at-23.49.png\",\"width\":300,\"height\":159,\"caption\":\"Gastro Tesoro\"},\"image\":{\"@id\":\"https:\/\/gastrotesoro.com.pl\/#\/schema\/logo\/image\/\"}}]}<\/script>\n<!-- \/ Yoast SEO plugin. -->","yoast_head_json":{"title":"O nas - Gastro Tesoro","robots":{"index":"index","follow":"follow","max-snippet":"max-snippet:-1","max-image-preview":"max-image-preview:large","max-video-preview":"max-video-preview:-1"},"canonical":"https:\/\/gastrotesoro.com.pl\/?page_id=225","og_locale":"en_US","og_type":"article","og_title":"O nas - Gastro Tesoro","og_description":"Witaj w Gastro Tesoro, miejscu stworzonym z mi\u0142o\u015bci do doskona\u0142ej kuchni i wyj\u0105tkowej atmosfery. Nasza [&hellip;]","og_url":"https:\/\/gastrotesoro.com.pl\/?page_id=225","og_site_name":"Gastro Tesoro","article_modified_time":"2026-02-15T23:49:07+00:00","og_image":[{"width":1024,"height":559,"url":"https:\/\/gastrotesoro.com.pl\/wp-content\/uploads\/2026\/02\/Gemini_Generated_Image_ttc020ttc020ttc0-1024x559.png","type":"image\/png"}],"twitter_card":"summary_large_image","twitter_misc":{"Est. reading time":"1 minute"},"schema":{"@context":"https:\/\/schema.org","@graph":[{"@type":"WebPage","@id":"https:\/\/gastrotesoro.com.pl\/?page_id=225","url":"https:\/\/gastrotesoro.com.pl\/?page_id=225","name":"O nas - Gastro Tesoro","isPartOf":{"@id":"https:\/\/gastrotesoro.com.pl\/#website"},"primaryImageOfPage":{"@id":"https:\/\/gastrotesoro.com.pl\/?page_id=225#primaryimage"},"image":{"@id":"https:\/\/gastrotesoro.com.pl\/?page_id=225#primaryimage"},"thumbnailUrl":"https:\/\/gastrotesoro.com.pl\/wp-content\/uploads\/2026\/02\/Gemini_Generated_Image_ttc020ttc020ttc0-1024x559.png","datePublished":"2026-02-15T23:36:58+00:00","dateModified":"2026-02-15T23:49:07+00:00","breadcrumb":{"@id":"https:\/\/gastrotesoro.com.pl\/?page_id=225#breadcrumb"},"inLanguage":"en-US","potentialAction":[{"@type":"ReadAction","target":["https:\/\/gastrotesoro.com.pl\/?page_id=225"]}]},{"@type":"ImageObject","inLanguage":"en-US","@id":"https:\/\/gastrotesoro.com.pl\/?page_id=225#primaryimage","url":"https:\/\/gastrotesoro.com.pl\/wp-content\/uploads\/2026\/02\/Gemini_Generated_Image_ttc020ttc020ttc0-scaled-e1771198945317.png","contentUrl":"https:\/\/gastrotesoro.com.pl\/wp-content\/uploads\/2026\/02\/Gemini_Generated_Image_ttc020ttc020ttc0-scaled-e1771198945317.png","width":1800,"height":982},{"@type":"BreadcrumbList","@id":"https:\/\/gastrotesoro.com.pl\/?page_id=225#breadcrumb","itemListElement":[{"@type":"ListItem","position":1,"name":"Home","item":"https:\/\/gastrotesoro.com.pl\/"},{"@type":"ListItem","position":2,"name":"O nas"}]},{"@type":"WebSite","@id":"https:\/\/gastrotesoro.com.pl\/#website","url":"https:\/\/gastrotesoro.com.pl\/","name":"Gastro Tesoro","description":"","publisher":{"@id":"https:\/\/gastrotesoro.com.pl\/#organization"},"potentialAction":[{"@type":"SearchAction","target":{"@type":"EntryPoint","urlTemplate":"https:\/\/gastrotesoro.com.pl\/?s={search_term_string}"},"query-input":{"@type":"PropertyValueSpecification","valueRequired":true,"valueName":"search_term_string"}}],"inLanguage":"en-US"},{"@type":"Organization","@id":"https:\/\/gastrotesoro.com.pl\/#organization","name":"Gastro Tesoro","url":"https:\/\/gastrotesoro.com.pl\/","logo":{"@type":"ImageObject","inLanguage":"en-US","@id":"https:\/\/gastrotesoro.com.pl\/#\/schema\/logo\/image\/","url":"https:\/\/gastrotesoro.com.pl\/wp-content\/uploads\/2026\/02\/WhatsApp-Image-2026-02-05-at-23.49.png","contentUrl":"https:\/\/gastrotesoro.com.pl\/wp-content\/uploads\/2026\/02\/WhatsApp-Image-2026-02-05-at-23.49.png","width":300,"height":159,"caption":"Gastro Tesoro"},"image":{"@id":"https:\/\/gastrotesoro.com.pl\/#\/schema\/logo\/image\/"}}]}},"_links":{"self":[{"href":"https:\/\/gastrotesoro.com.pl\/index.php?rest_route=\/wp\/v2\/pages\/225","targetHints":{"allow":["GET"]}}],"collection":[{"href":"https:\/\/gastrotesoro.com.pl\/index.php?rest_route=\/wp\/v2\/pages"}],"about":[{"href":"https:\/\/gastrotesoro.com.pl\/index.php?rest_route=\/wp\/v2\/types\/page"}],"author":[{"embeddable":true,"href":"https:\/\/gastrotesoro.com.pl\/index.php?rest_route=\/wp\/v2\/users\/1"}],"replies":[{"embeddable":true,"href":"https:\/\/gastrotesoro.com.pl\/index.php?rest_route=%2Fwp%2Fv2%2Fcomments&post=225"}],"version-history":[{"count":9,"href":"https:\/\/gastrotesoro.com.pl\/index.php?rest_route=\/wp\/v2\/pages\/225\/revisions"}],"predecessor-version":[{"id":237,"href":"https:\/\/gastrotesoro.com.pl\/index.php?rest_route=\/wp\/v2\/pages\/225\/revisions\/237"}],"wp:attachment":[{"href":"https:\/\/gastrotesoro.com.pl\/index.php?rest_route=%2Fwp%2Fv2%2Fmedia&parent=225"}],"curies":[{"name":"wp","href":"https:\/\/api.w.org\/{rel}","templated":true}]}}