{"id":24,"date":"2026-02-05T23:43:23","date_gmt":"2026-02-05T22:43:23","guid":{"rendered":"https:\/\/gastrotesoro.com.pl\/?page_id=24"},"modified":"2026-03-12T22:00:06","modified_gmt":"2026-03-12T21:00:06","slug":"contact","status":"publish","type":"page","link":"https:\/\/gastrotesoro.com.pl\/?page_id=24","title":{"rendered":"Kontakt"},"content":{"rendered":"\n<div class=\"wp-block-group alignfull gutenify-section-6f4acc50-0dc7-11ee-9977-cd9622673252 is-layout-constrained wp-container-core-group-is-layout-111b2e00 wp-block-group-is-layout-constrained gtfy-38\">\n<div class=\"wp-block-cover alignfull gtfy-3\" style=\"padding-top:var(--wp--preset--spacing--50);padding-right:var(--wp--preset--spacing--40);padding-bottom:var(--wp--preset--spacing--50);padding-left:var(--wp--preset--spacing--40);min-height:430px;aspect-ratio:unset;\"><img loading=\"lazy\" decoding=\"async\" width=\"1800\" height=\"1405\" class=\"wp-block-cover__image-background wp-image-201 size-full\" alt=\"\" src=\"https:\/\/gastrotesoro.com.pl\/wp-content\/uploads\/2026\/02\/Gemini_Generated_Image_5z3pyp5z3pyp5z3p-1-e1771195891558.png\" data-object-fit=\"cover\"\/><span aria-hidden=\"true\" class=\"wp-block-cover__background has-black-background-color has-background-dim-30 has-background-dim\"><\/span><div class=\"wp-block-cover__inner-container is-layout-flow wp-block-cover-is-layout-flow\">\n<div class=\"wp-block-group alignwide gutenify-section-88f9d150-27a3-11ee-bf50-9de2e609fdfb is-layout-constrained wp-block-group-is-layout-constrained gtfy-2\"><h1 style=\"padding-top:0;padding-bottom:0;padding-left:0;padding-right:0;\" class=\"has-text-align-center alignwide wp-block-post-title has-text-color has-white-color has-huge-font-size gtfy-1\">Kontakt<\/h1><\/div>\n<\/div><\/div>\n\n\n\n<div class=\"wp-block-group alignfull gutenify-section-6f4a7e30-0dc7-11ee-9977-cd9622673252 is-layout-constrained wp-container-core-group-is-layout-c3630535 wp-block-group-is-layout-constrained gtfy-35\" style=\"padding-top:var(--wp--preset--spacing--50);padding-right:var(--wp--preset--spacing--40);padding-bottom:var(--wp--preset--spacing--50);padding-left:var(--wp--preset--spacing--40)\">\n<div class=\"wp-block-columns alignwide gutenify-section-6f4a3010-0dc7-11ee-9977-cd9622673252 is-layout-flex wp-container-core-columns-is-layout-28f84493 wp-block-columns-is-layout-flex gtfy-34\">\n<div class=\"wp-block-column is-vertically-aligned-top gutenify-section-6f4945b0-0dc7-11ee-9977-cd9622673252 is-layout-flow wp-block-column-is-layout-flow gtfy-29\">\n<div class=\"wp-block-group gutenify-section-561be530-56db-11ef-8600-456599c242e7 is-layout-constrained wp-container-core-group-is-layout-c19476fc wp-block-group-is-layout-constrained gtfy-15\">\n<h4 class=\"wp-block-heading gutenify-section-5616dc20-56db-11ef-8600-456599c242e7 has-medium-font-size gtfy-4\" style=\"font-style:normal;font-weight:600\">Lokalizacja sali<\/h4>\n\n\n\n<div class=\"wp-block-columns are-vertically-aligned-center gutenify-section-561b21e0-56db-11ef-8600-456599c242e7 is-layout-flex wp-container-core-columns-is-layout-28f84493 wp-block-columns-is-layout-flex gtfy-14\">\n<div class=\"wp-block-column is-vertically-aligned-center gutenify-section-56183bb0-56db-11ef-8600-456599c242e7 is-layout-flow wp-block-column-is-layout-flow gtfy-7\" style=\"flex-basis:25%\">\n<div class=\"wp-block-cover gutenify-section-5617c680-56db-11ef-8600-456599c242e7 gtfy-6\" style=\"min-height:155px;aspect-ratio:unset;\"><img loading=\"lazy\" decoding=\"async\" width=\"769\" height=\"1024\" class=\"wp-block-cover__image-background wp-image-159 size-large\" alt=\"\" src=\"https:\/\/gastrotesoro.com.pl\/wp-content\/uploads\/2026\/02\/WhatsApp-Image-2026-02-07-at-22.37.53-769x1024.jpeg\" data-object-fit=\"cover\" srcset=\"https:\/\/gastrotesoro.com.pl\/wp-content\/uploads\/2026\/02\/WhatsApp-Image-2026-02-07-at-22.37.53-769x1024.jpeg 769w, https:\/\/gastrotesoro.com.pl\/wp-content\/uploads\/2026\/02\/WhatsApp-Image-2026-02-07-at-22.37.53-225x300.jpeg 225w, https:\/\/gastrotesoro.com.pl\/wp-content\/uploads\/2026\/02\/WhatsApp-Image-2026-02-07-at-22.37.53-768x1022.jpeg 768w, https:\/\/gastrotesoro.com.pl\/wp-content\/uploads\/2026\/02\/WhatsApp-Image-2026-02-07-at-22.37.53.jpeg 1079w\" sizes=\"auto, (max-width: 769px) 100vw, 769px\" \/><span aria-hidden=\"true\" class=\"wp-block-cover__background has-background-dim-0 has-background-dim\" style=\"background-color:#FFF\"><\/span><div class=\"wp-block-cover__inner-container is-layout-constrained wp-block-cover-is-layout-constrained\">\n<p class=\"has-text-align-center gutenify-section-56177860-56db-11ef-8600-456599c242e7 has-large-font-size gtfy-5\"><\/p>\n<\/div><\/div>\n<\/div>\n\n\n\n<div class=\"wp-block-column is-vertically-aligned-center gutenify-section-561ad3c0-56db-11ef-8600-456599c242e7 is-layout-flow wp-block-column-is-layout-flow gtfy-13\" style=\"flex-basis:66.66%\">\n<div class=\"wp-block-group gutenify-section-561a85a0-56db-11ef-8600-456599c242e7 is-vertical is-layout-flex wp-container-core-group-is-layout-7748c2f4 wp-block-group-is-layout-flex gtfy-12\">\n<p class=\"has-foreground-color has-text-color has-link-color wp-elements-1d4fdf0105eb5bfb4f497a98801079df gtfy-8\"><strong>Sala bankietowa<\/strong><\/p>\n\n\n\n<p class=\"gtfy-9\">Rynak 22<\/p>\n\n\n\n<p class=\"gutenify-section-5618d7f0-56db-11ef-8600-456599c242e7 gtfy-10\">41-250 Czelad\u017a<\/p>\n\n\n\n<p class=\"gutenify-section-561a1070-56db-11ef-8600-456599c242e7 has-luminous-vivid-amber-color has-text-color has-link-color wp-elements-33c6d5b013ac4350c8db8f41865a704c gtfy-11\"><a href=\"https:\/\/bizicorp.radiantthemes.com\/template-kit\/contact-version-one\/#\"><\/a><a href=\"https:\/\/bizicorp.radiantthemes.com\/template-kit\/contact-version-one\/#\"><br><\/a><\/p>\n<\/div>\n<\/div>\n<\/div>\n<\/div>\n\n\n\n<div class=\"wp-block-group gutenify-section-2ec9c890-56da-11ef-8600-456599c242e7 is-layout-constrained wp-container-core-group-is-layout-c19476fc wp-block-group-is-layout-constrained gtfy-28\">\n<h4 class=\"wp-block-heading gutenify-section-34a6ca60-56da-11ef-8600-456599c242e7 has-medium-font-size gtfy-16\" style=\"font-style:normal;font-weight:600\">Siedziba firmy<\/h4>\n\n\n\n<div class=\"wp-block-columns are-vertically-aligned-center gutenify-section-cf4c7b50-56da-11ef-8600-456599c242e7 is-layout-flex wp-container-core-columns-is-layout-28f84493 wp-block-columns-is-layout-flex gtfy-27\">\n<div class=\"wp-block-column is-vertically-aligned-center gutenify-section-d0e2f9d0-56da-11ef-8600-456599c242e7 is-layout-flow wp-block-column-is-layout-flow gtfy-19\" style=\"flex-basis:25%\">\n<div class=\"wp-block-cover is-light gutenify-section-a1fff460-56da-11ef-8600-456599c242e7 gtfy-18\" style=\"min-height:149px;aspect-ratio:unset;\"><img decoding=\"async\" class=\"wp-block-cover__image-background wp-image-4258\" alt=\"\" src=\"https:\/\/demo.gutenify.com\/gutenify-business-hub\/wp-content\/uploads\/sites\/181\/2024\/08\/image02-1.jpg\" data-object-fit=\"cover\"\/><span aria-hidden=\"true\" class=\"wp-block-cover__background has-background-dim-0 has-background-dim\" style=\"background-color:#FFF\"><\/span><div class=\"wp-block-cover__inner-container is-layout-constrained wp-block-cover-is-layout-constrained\">\n<p class=\"has-text-align-center gutenify-section-dcf110e0-56da-11ef-8600-456599c242e7 has-large-font-size gtfy-17\"><\/p>\n<\/div><\/div>\n<\/div>\n\n\n\n<div class=\"wp-block-column is-vertically-aligned-center gutenify-section-d0e36f00-56da-11ef-8600-456599c242e7 is-layout-flow wp-block-column-is-layout-flow gtfy-26\" style=\"flex-basis:66.66%\">\n<div class=\"wp-block-group gutenify-section-73fbdd40-56da-11ef-8600-456599c242e7 is-vertical is-layout-flex wp-container-core-group-is-layout-7748c2f4 wp-block-group-is-layout-flex gtfy-25\">\n<p class=\"has-foreground-color has-text-color has-link-color wp-elements-22664d635a60f6385b3c59dd7438d7f3 gtfy-20\">Siedziba firmy<\/p>\n\n\n\n<p class=\"gtfy-21\">ul. 1000-lecia 90\/88<\/p>\n\n\n\n<p class=\"gtfy-22\">40-871 Katowice<\/p>\n\n\n\n<p class=\"gutenify-section-7a8cc5c0-56da-11ef-8600-456599c242e7 has-secondary-color has-text-color has-link-color wp-elements-59fa7cfb48110290332b336975c85d93 gtfy-23\"><a href=\"tel:+1238575694\">tel. +48 600 105 863<\/a><\/p>\n\n\n\n<p class=\"gutenify-section-7a8cc5c0-56da-11ef-8600-456599c242e7 has-secondary-color has-text-color has-link-color wp-elements-1e2961ca0a96a015d3480ef0afb1fc6c gtfy-24\">e-mail: gastrotesoro@gmail.com<\/p>\n<\/div>\n<\/div>\n<\/div>\n<\/div>\n<\/div>\n\n\n\n<div class=\"wp-block-column is-vertically-aligned-center gutenify-section-6f49e1f0-0dc7-11ee-9977-cd9622673252 has-background-secondary-background-color has-background is-layout-flow wp-block-column-is-layout-flow gtfy-33\" style=\"padding-top:var(--wp--preset--spacing--40);padding-right:var(--wp--preset--spacing--40);padding-bottom:var(--wp--preset--spacing--40);padding-left:var(--wp--preset--spacing--40)\">\n<div class=\"wp-block-group alignwide gutenify-section-6f49bae0-0dc7-11ee-9977-cd9622673252 is-layout-constrained wp-container-core-group-is-layout-da976f36 wp-block-group-is-layout-constrained gtfy-32\" style=\"padding-top:0px;padding-right:0px;padding-bottom:0px;padding-left:0px\">\n<p class=\"has-large-font-size gtfy-30\"><strong>FORMULARZ KONTAKTOWY<\/strong><\/p>\n\n\n<div class=\"frm_forms  with_frm_style frm_style_styl-formidable gtfy-31\" id=\"frm_form_1_container\" >\n<form enctype=\"multipart\/form-data\" method=\"post\" class=\"frm-show-form \" id=\"form_contact-form\" >\n<div class=\"frm_form_fields \">\n<fieldset>\n<legend class=\"frm_screen_reader\">Contact Us<\/legend>\r\n\r\n<div class=\"frm_fields_container\">\n<input type=\"hidden\" name=\"frm_action\" value=\"create\" \/>\n<input type=\"hidden\" name=\"form_id\" value=\"1\" \/>\n<input type=\"hidden\" name=\"frm_hide_fields_1\" id=\"frm_hide_fields_1\" value=\"\" \/>\n<input type=\"hidden\" name=\"form_key\" value=\"contact-form\" \/>\n<input type=\"hidden\" name=\"item_meta[0]\" value=\"\" \/>\n<input type=\"hidden\" id=\"frm_submit_entry_1\" name=\"frm_submit_entry_1\" value=\"d15bb4cf0b\" \/><input type=\"hidden\" name=\"_wp_http_referer\" value=\"\/index.php?rest_route=%2Fwp%2Fv2%2Fpages%2F24\" \/><div id=\"frm_field_7_container\" class=\"frm_form_field form-field  frm_top_container frm12 frm_first\">\r\n\t<label for=\"field_cr5s4\" id=\"field_cr5s4_label\" class=\"frm_primary_label\">Temat\r\n\t\t<span class=\"frm_required\" aria-hidden=\"true\"><\/span>\r\n\t<\/label>\r\n\t\t\t<select name=\"item_meta[7]\" id=\"field_cr5s4\"  data-invmsg=\"Temat jest nieprawid\u0142owe\" aria-invalid=\"false\"  >\n\t\t<option  value=\"Wybierz\">Wybierz<\/option><option  value=\"Catering\">Catering<\/option><option  value=\"Urodziny lub Jubileusz\">Urodziny lub Jubileusz<\/option><option  value=\"Chrzciny\">Chrzciny<\/option><option  value=\"Komunia \u015awi\u0119ta\">Komunia \u015awi\u0119ta<\/option><option  value=\"Wesele lub Przyj\u0119cie Weselne\">Wesele lub Przyj\u0119cie Weselne<\/option><option  value=\"Rocznica lub spotkanie rodzinne\">Rocznica lub spotkanie rodzinne<\/option><option  value=\"Inna Uroczysto\u015b\u0107 lub Event\">Inna Uroczysto\u015b\u0107 lub Event<\/option>\t<\/select>\n\t\r\n\t\r\n\t\r\n<\/div>\n<div id=\"frm_field_1_container\" class=\"frm_form_field form-field  frm_required_field frm_top_container frm12 frm_first\">\r\n\t<label for=\"field_qh4icy\" id=\"field_qh4icy_label\" class=\"frm_primary_label\">Imi\u0119 i nazwisko\r\n\t\t<span class=\"frm_required\" aria-hidden=\"true\">*<\/span>\r\n\t<\/label>\r\n\t<input type=\"text\" id=\"field_qh4icy\" name=\"item_meta[1]\" value=\"\"  data-reqmsg=\"Imi\u0119 i nazwisko nie mo\u017ce by\u0107 puste.\" aria-required=\"true\" data-invmsg=\"Imi\u0119 i nazwisko jest nieprawid\u0142owe\" aria-invalid=\"false\"   aria-describedby=\"frm_desc_field_qh4icy\"\/>\r\n\t<div class=\"frm_description\" id=\"frm_desc_field_qh4icy\">First<\/div>\r\n\t\r\n<\/div>\n<div id=\"frm_field_9_container\" class=\"frm_form_field form-field  frm_top_container frm6 frm_first\">\r\n\t<label for=\"field_tegng\" id=\"field_tegng_label\" class=\"frm_primary_label\">Telefon\r\n\t\t<span class=\"frm_required\" aria-hidden=\"true\"><\/span>\r\n\t<\/label>\r\n\t<input type=\"tel\" id=\"field_tegng\" name=\"item_meta[9]\" value=\"\"  data-invmsg=\"Telefon jest nieprawid\u0142owe\" aria-invalid=\"false\" pattern=\"((\\+\\d{1,3}(-|.| )?\\(?\\d\\)?(-| |.)?\\d{1,5})|(\\(?\\d{2,6}\\)?))(-|.| )?(\\d{3,4})(-|.| )?(\\d{4})(( x| ext)\\d{1,5}){0,1}$\"  \/>\r\n\t\r\n\t\r\n<\/div>\n<div id=\"frm_field_3_container\" class=\"frm_form_field form-field  frm_required_field frm_top_container frm6\">\r\n\t<label for=\"field_29yf4d\" id=\"field_29yf4d_label\" class=\"frm_primary_label\">Email\r\n\t\t<span class=\"frm_required\" aria-hidden=\"true\">*<\/span>\r\n\t<\/label>\r\n\t<input type=\"email\" id=\"field_29yf4d\" name=\"item_meta[3]\" value=\"\"  data-reqmsg=\"Email nie mo\u017ce by\u0107 puste.\" aria-required=\"true\" data-invmsg=\"Please enter a valid email address\" aria-invalid=\"false\"  \/>\r\n\t\r\n\t\r\n<\/div>\n<div id=\"frm_field_8_container\" class=\"frm_form_field form-field  frm_top_container frm12 frm_first\">\r\n\t<label for=\"field_9ms6c\" id=\"field_9ms6c_label\" class=\"frm_primary_label\">Szacowana liczba go\u015bci\r\n\t\t<span class=\"frm_required\" aria-hidden=\"true\"><\/span>\r\n\t<\/label>\r\n\t<input type=\"number\" id=\"field_9ms6c\" name=\"item_meta[8]\" value=\"\"  data-invmsg=\"Szacowana liczba go\u015bci jest nieprawid\u0142owe\" aria-invalid=\"false\"   min=\"0\" max=\"9999999\" step=\"any\"\/>\r\n\t\r\n\t\r\n<\/div>\n<div id=\"frm_field_5_container\" class=\"frm_form_field form-field  frm_required_field frm_top_container frm12 frm_first\">\r\n\t<label for=\"field_9jv0r1\" id=\"field_9jv0r1_label\" class=\"frm_primary_label\">Dodatkowe informacje lub pytania\r\n\t\t<span class=\"frm_required\" aria-hidden=\"true\">*<\/span>\r\n\t<\/label>\r\n\t<textarea name=\"item_meta[5]\" id=\"field_9jv0r1\" rows=\"5\"  data-reqmsg=\"Dodatkowe informacje lub pytania nie mo\u017ce by\u0107 puste.\" aria-required=\"true\" data-invmsg=\"Dodatkowe informacje lub pytania is invalid\" aria-invalid=\"false\"  ><\/textarea>\r\n\t\r\n\t\r\n<\/div>\n<div id=\"frm_field_6_container\" class=\"frm_form_field form-field \">\r\n\t<div class=\"frm_submit frm_flex\">\r\n<button class=\"frm_button_submit\" type=\"submit\"  >Wy\u015blij<\/button>\r\n\r\n\r\n\r\n<\/div>\r\n<\/div>\n\t<input type=\"hidden\" name=\"item_key\" value=\"\" \/>\n\t\t\t<div id=\"frm_field_10_container\">\n\t\t\t<label for=\"field_aqb4t\" >\n\t\t\t\tIf you are human, leave this field blank.\t\t\t<\/label>\n\t\t\t<input  id=\"field_aqb4t\" type=\"text\" class=\"frm_form_field form-field frm_verify\" name=\"item_meta[10]\" value=\"\"  \/>\n\t\t<\/div>\n\t\t<input name=\"frm_state\" type=\"hidden\" value=\"HRtr+sLLt9oXpYfZTFizTPWilD6QLgBfDgQue7ZD5lI=\" \/><\/div>\n<\/fieldset>\n<\/div>\n\n<\/form>\n<\/div>\n<\/div>\n<\/div>\n<\/div>\n<\/div>\n\n\n\n<div class=\"wp-block-group alignfull gutenify-section-6f4aa540-0dc7-11ee-9977-cd9622673252 is-layout-constrained wp-container-core-group-is-layout-da976f36 wp-block-group-is-layout-constrained gtfy-37\" style=\"padding-top:0px;padding-right:0px;padding-bottom:0px;padding-left:0px\">\n<div class=\"wp-block-gutenify-map alignfull gutenify-block-map-wrapper gutenify-map-version-2 gutenify-section-44f05c5c-71c1-4cb9-b639-09490134e318 gtfy-36\"><iframe title=\"Google Map\" frameborder=\"0\" src=\"https:\/\/www.google.com\/maps?q=Gastro%20Tesrowo%2C%20Rynek%2022%2C%2041-250%20Czela%C5%BA&amp;output=embed&amp;hl=pl&amp;z=16\" style=\"width:100%;min-height:400px\"><\/iframe><\/div>\n<\/div>\n<\/div>\n","protected":false},"excerpt":{"rendered":"<p>Lokalizacja sali Sala bankietowa Rynak 22 41-250 Czelad\u017a Siedziba firmy Siedziba firmy ul. 1000-lecia 90\/88 [&hellip;]<\/p>\n","protected":false},"author":1,"featured_media":0,"parent":0,"menu_order":0,"comment_status":"closed","ping_status":"closed","template":"page-no-title","meta":{"footnotes":""},"class_list":["post-24","page","type-page","status-publish","hentry"],"yoast_head":"<!-- This site is optimized with the Yoast SEO plugin v27.1.1 - https:\/\/yoast.com\/product\/yoast-seo-wordpress\/ -->\n<title>Kontakt - Gastro Tesoro<\/title>\n<meta name=\"robots\" content=\"index, follow, max-snippet:-1, max-image-preview:large, max-video-preview:-1\" \/>\n<link rel=\"canonical\" href=\"https:\/\/gastrotesoro.com.pl\/?page_id=24\" \/>\n<meta property=\"og:locale\" content=\"en_US\" \/>\n<meta property=\"og:type\" content=\"article\" \/>\n<meta property=\"og:title\" content=\"Kontakt - Gastro Tesoro\" \/>\n<meta property=\"og:description\" content=\"Lokalizacja sali Sala bankietowa Rynak 22 41-250 Czelad\u017a Siedziba firmy Siedziba firmy ul. 1000-lecia 90\/88 [&hellip;]\" \/>\n<meta property=\"og:url\" content=\"https:\/\/gastrotesoro.com.pl\/?page_id=24\" \/>\n<meta property=\"og:site_name\" content=\"Gastro Tesoro\" \/>\n<meta property=\"article:modified_time\" content=\"2026-03-12T21:00:06+00:00\" \/>\n<meta property=\"og:image\" content=\"https:\/\/gastrotesoro.com.pl\/wp-content\/uploads\/2026\/02\/Gemini_Generated_Image_5z3pyp5z3pyp5z3p-1-1024x800.png\" \/>\n\t<meta property=\"og:image:width\" content=\"1024\" \/>\n\t<meta property=\"og:image:height\" content=\"800\" \/>\n\t<meta property=\"og:image:type\" content=\"image\/png\" \/>\n<meta name=\"twitter:card\" content=\"summary_large_image\" \/>\n<meta name=\"twitter:label1\" content=\"Est. reading time\" \/>\n\t<meta name=\"twitter:data1\" content=\"1 minute\" \/>\n<script type=\"application\/ld+json\" class=\"yoast-schema-graph\">{\"@context\":\"https:\/\/schema.org\",\"@graph\":[{\"@type\":\"WebPage\",\"@id\":\"https:\/\/gastrotesoro.com.pl\/?page_id=24\",\"url\":\"https:\/\/gastrotesoro.com.pl\/?page_id=24\",\"name\":\"Kontakt - Gastro Tesoro\",\"isPartOf\":{\"@id\":\"https:\/\/gastrotesoro.com.pl\/#website\"},\"primaryImageOfPage\":{\"@id\":\"https:\/\/gastrotesoro.com.pl\/?page_id=24#primaryimage\"},\"image\":{\"@id\":\"https:\/\/gastrotesoro.com.pl\/?page_id=24#primaryimage\"},\"thumbnailUrl\":\"https:\/\/gastrotesoro.com.pl\/wp-content\/uploads\/2026\/02\/Gemini_Generated_Image_5z3pyp5z3pyp5z3p-1-e1771195891558.png\",\"datePublished\":\"2026-02-05T22:43:23+00:00\",\"dateModified\":\"2026-03-12T21:00:06+00:00\",\"breadcrumb\":{\"@id\":\"https:\/\/gastrotesoro.com.pl\/?page_id=24#breadcrumb\"},\"inLanguage\":\"en-US\",\"potentialAction\":[{\"@type\":\"ReadAction\",\"target\":[\"https:\/\/gastrotesoro.com.pl\/?page_id=24\"]}]},{\"@type\":\"ImageObject\",\"inLanguage\":\"en-US\",\"@id\":\"https:\/\/gastrotesoro.com.pl\/?page_id=24#primaryimage\",\"url\":\"https:\/\/gastrotesoro.com.pl\/wp-content\/uploads\/2026\/02\/Gemini_Generated_Image_5z3pyp5z3pyp5z3p-1-e1771195891558.png\",\"contentUrl\":\"https:\/\/gastrotesoro.com.pl\/wp-content\/uploads\/2026\/02\/Gemini_Generated_Image_5z3pyp5z3pyp5z3p-1-e1771195891558.png\",\"width\":1800,\"height\":1405},{\"@type\":\"BreadcrumbList\",\"@id\":\"https:\/\/gastrotesoro.com.pl\/?page_id=24#breadcrumb\",\"itemListElement\":[{\"@type\":\"ListItem\",\"position\":1,\"name\":\"Home\",\"item\":\"https:\/\/gastrotesoro.com.pl\/\"},{\"@type\":\"ListItem\",\"position\":2,\"name\":\"Kontakt\"}]},{\"@type\":\"WebSite\",\"@id\":\"https:\/\/gastrotesoro.com.pl\/#website\",\"url\":\"https:\/\/gastrotesoro.com.pl\/\",\"name\":\"Gastro Tesoro\",\"description\":\"\",\"publisher\":{\"@id\":\"https:\/\/gastrotesoro.com.pl\/#organization\"},\"potentialAction\":[{\"@type\":\"SearchAction\",\"target\":{\"@type\":\"EntryPoint\",\"urlTemplate\":\"https:\/\/gastrotesoro.com.pl\/?s={search_term_string}\"},\"query-input\":{\"@type\":\"PropertyValueSpecification\",\"valueRequired\":true,\"valueName\":\"search_term_string\"}}],\"inLanguage\":\"en-US\"},{\"@type\":\"Organization\",\"@id\":\"https:\/\/gastrotesoro.com.pl\/#organization\",\"name\":\"Gastro Tesoro\",\"url\":\"https:\/\/gastrotesoro.com.pl\/\",\"logo\":{\"@type\":\"ImageObject\",\"inLanguage\":\"en-US\",\"@id\":\"https:\/\/gastrotesoro.com.pl\/#\/schema\/logo\/image\/\",\"url\":\"https:\/\/gastrotesoro.com.pl\/wp-content\/uploads\/2026\/02\/WhatsApp-Image-2026-02-05-at-23.49.png\",\"contentUrl\":\"https:\/\/gastrotesoro.com.pl\/wp-content\/uploads\/2026\/02\/WhatsApp-Image-2026-02-05-at-23.49.png\",\"width\":300,\"height\":159,\"caption\":\"Gastro Tesoro\"},\"image\":{\"@id\":\"https:\/\/gastrotesoro.com.pl\/#\/schema\/logo\/image\/\"}}]}<\/script>\n<!-- \/ Yoast SEO plugin. -->","yoast_head_json":{"title":"Kontakt - Gastro Tesoro","robots":{"index":"index","follow":"follow","max-snippet":"max-snippet:-1","max-image-preview":"max-image-preview:large","max-video-preview":"max-video-preview:-1"},"canonical":"https:\/\/gastrotesoro.com.pl\/?page_id=24","og_locale":"en_US","og_type":"article","og_title":"Kontakt - Gastro Tesoro","og_description":"Lokalizacja sali Sala bankietowa Rynak 22 41-250 Czelad\u017a Siedziba firmy Siedziba firmy ul. 1000-lecia 90\/88 [&hellip;]","og_url":"https:\/\/gastrotesoro.com.pl\/?page_id=24","og_site_name":"Gastro Tesoro","article_modified_time":"2026-03-12T21:00:06+00:00","og_image":[{"width":1024,"height":800,"url":"https:\/\/gastrotesoro.com.pl\/wp-content\/uploads\/2026\/02\/Gemini_Generated_Image_5z3pyp5z3pyp5z3p-1-1024x800.png","type":"image\/png"}],"twitter_card":"summary_large_image","twitter_misc":{"Est. reading time":"1 minute"},"schema":{"@context":"https:\/\/schema.org","@graph":[{"@type":"WebPage","@id":"https:\/\/gastrotesoro.com.pl\/?page_id=24","url":"https:\/\/gastrotesoro.com.pl\/?page_id=24","name":"Kontakt - Gastro Tesoro","isPartOf":{"@id":"https:\/\/gastrotesoro.com.pl\/#website"},"primaryImageOfPage":{"@id":"https:\/\/gastrotesoro.com.pl\/?page_id=24#primaryimage"},"image":{"@id":"https:\/\/gastrotesoro.com.pl\/?page_id=24#primaryimage"},"thumbnailUrl":"https:\/\/gastrotesoro.com.pl\/wp-content\/uploads\/2026\/02\/Gemini_Generated_Image_5z3pyp5z3pyp5z3p-1-e1771195891558.png","datePublished":"2026-02-05T22:43:23+00:00","dateModified":"2026-03-12T21:00:06+00:00","breadcrumb":{"@id":"https:\/\/gastrotesoro.com.pl\/?page_id=24#breadcrumb"},"inLanguage":"en-US","potentialAction":[{"@type":"ReadAction","target":["https:\/\/gastrotesoro.com.pl\/?page_id=24"]}]},{"@type":"ImageObject","inLanguage":"en-US","@id":"https:\/\/gastrotesoro.com.pl\/?page_id=24#primaryimage","url":"https:\/\/gastrotesoro.com.pl\/wp-content\/uploads\/2026\/02\/Gemini_Generated_Image_5z3pyp5z3pyp5z3p-1-e1771195891558.png","contentUrl":"https:\/\/gastrotesoro.com.pl\/wp-content\/uploads\/2026\/02\/Gemini_Generated_Image_5z3pyp5z3pyp5z3p-1-e1771195891558.png","width":1800,"height":1405},{"@type":"BreadcrumbList","@id":"https:\/\/gastrotesoro.com.pl\/?page_id=24#breadcrumb","itemListElement":[{"@type":"ListItem","position":1,"name":"Home","item":"https:\/\/gastrotesoro.com.pl\/"},{"@type":"ListItem","position":2,"name":"Kontakt"}]},{"@type":"WebSite","@id":"https:\/\/gastrotesoro.com.pl\/#website","url":"https:\/\/gastrotesoro.com.pl\/","name":"Gastro Tesoro","description":"","publisher":{"@id":"https:\/\/gastrotesoro.com.pl\/#organization"},"potentialAction":[{"@type":"SearchAction","target":{"@type":"EntryPoint","urlTemplate":"https:\/\/gastrotesoro.com.pl\/?s={search_term_string}"},"query-input":{"@type":"PropertyValueSpecification","valueRequired":true,"valueName":"search_term_string"}}],"inLanguage":"en-US"},{"@type":"Organization","@id":"https:\/\/gastrotesoro.com.pl\/#organization","name":"Gastro Tesoro","url":"https:\/\/gastrotesoro.com.pl\/","logo":{"@type":"ImageObject","inLanguage":"en-US","@id":"https:\/\/gastrotesoro.com.pl\/#\/schema\/logo\/image\/","url":"https:\/\/gastrotesoro.com.pl\/wp-content\/uploads\/2026\/02\/WhatsApp-Image-2026-02-05-at-23.49.png","contentUrl":"https:\/\/gastrotesoro.com.pl\/wp-content\/uploads\/2026\/02\/WhatsApp-Image-2026-02-05-at-23.49.png","width":300,"height":159,"caption":"Gastro Tesoro"},"image":{"@id":"https:\/\/gastrotesoro.com.pl\/#\/schema\/logo\/image\/"}}]}},"_links":{"self":[{"href":"https:\/\/gastrotesoro.com.pl\/index.php?rest_route=\/wp\/v2\/pages\/24","targetHints":{"allow":["GET"]}}],"collection":[{"href":"https:\/\/gastrotesoro.com.pl\/index.php?rest_route=\/wp\/v2\/pages"}],"about":[{"href":"https:\/\/gastrotesoro.com.pl\/index.php?rest_route=\/wp\/v2\/types\/page"}],"author":[{"embeddable":true,"href":"https:\/\/gastrotesoro.com.pl\/index.php?rest_route=\/wp\/v2\/users\/1"}],"replies":[{"embeddable":true,"href":"https:\/\/gastrotesoro.com.pl\/index.php?rest_route=%2Fwp%2Fv2%2Fcomments&post=24"}],"version-history":[{"count":14,"href":"https:\/\/gastrotesoro.com.pl\/index.php?rest_route=\/wp\/v2\/pages\/24\/revisions"}],"predecessor-version":[{"id":258,"href":"https:\/\/gastrotesoro.com.pl\/index.php?rest_route=\/wp\/v2\/pages\/24\/revisions\/258"}],"wp:attachment":[{"href":"https:\/\/gastrotesoro.com.pl\/index.php?rest_route=%2Fwp%2Fv2%2Fmedia&parent=24"}],"curies":[{"name":"wp","href":"https:\/\/api.w.org\/{rel}","templated":true}]}}