{"id":240,"date":"2026-03-12T20:54:33","date_gmt":"2026-03-12T19:54:33","guid":{"rendered":"https:\/\/gastrotesoro.com.pl\/?page_id=240"},"modified":"2026-03-12T21:03:43","modified_gmt":"2026-03-12T20:03:43","slug":"projekty","status":"publish","type":"page","link":"https:\/\/gastrotesoro.com.pl\/?page_id=240","title":{"rendered":"Projekty"},"content":{"rendered":"\n<p class=\"gtfy-1\"><\/p>\n\n\n\n<p class=\"gtfy-4\"><\/p>\n\n\n\n<figure class=\"wp-block-image size-full gtfy-7\"><img loading=\"lazy\" decoding=\"async\" width=\"908\" height=\"116\" src=\"https:\/\/gastrotesoro.com.pl\/wp-content\/uploads\/2026\/03\/Bez-tytulu.png\" alt=\"\" class=\"wp-image-243\" srcset=\"https:\/\/gastrotesoro.com.pl\/wp-content\/uploads\/2026\/03\/Bez-tytulu.png 908w, https:\/\/gastrotesoro.com.pl\/wp-content\/uploads\/2026\/03\/Bez-tytulu-300x38.png 300w, https:\/\/gastrotesoro.com.pl\/wp-content\/uploads\/2026\/03\/Bez-tytulu-768x98.png 768w\" sizes=\"auto, (max-width: 908px) 100vw, 908px\" \/><\/figure>\n\n\n\n<p class=\"gtfy-10\">Celem realizacji projektu jest rozszerzenie dzia\u0142alno\u015bci <strong>GASTRO TESORO<\/strong> o dzia\u0142alno\u015b\u0107 restauracyjn\u0105 oraz realizacj\u0119 dostaw zam\u00f3wie\u0144 indywidualnych przy wykorzystaniu systemu zam\u00f3wie\u0144 on-line.<\/p>\n\n\n\n<p class=\"gtfy-13\">Odbiorcami projektu b\u0119d\u0105 wszyscy korzystaj\u0105cy z us\u0142ug naszej restauracji oraz zamawiaj\u0105cy posi\u0142ki z dostaw\u0105. Kuchnia zostanie wyposa\u017cona w nowoczesne urz\u0105dzenia u\u0142atwiaj\u0105ce przygotowanie posi\u0142k\u00f3w naszej za\u0142odze, a przestrze\u0144 i sala zosta\u0142a zaprojektowana tak, by skorzysta\u0107 z naszych us\u0142ug m\u00f3g\u0142 ka\u017cdy bez \u017cadnych ogranicze\u0144.<\/p>\n\n\n\n<p class=\"gtfy-16\">Warto\u015b\u0107 przedsi\u0119wzi\u0119cia to: 489\u00a0313,13 z\u0142, z czego 358\u00a0034,07 z\u0142. pochodzi z dofinansowania ze \u015brodk\u00f3w UE.<\/p>\n\n\n\n<p class=\"gtfy-19\">Niniejszym przedsi\u0119wzi\u0119ciem zosta\u0142y obj\u0119te: zakupy \u015brodk\u00f3w trwa\u0142ych stanowi\u0105ce wyposa\u017cenie kuchni oraz sali bankietowej, strona internetowa z systemem zam\u00f3wie\u0144 on-line, szkolenia naszego zespo\u0142u, oraz us\u0142uga doradcza obejmuj\u0105ca aspekty biznesowe przedsi\u0119wzi\u0119cia.<\/p>\n\n\n\n<p class=\"gtfy-22\"><strong>Dzi\u0119ki realizacji przedsi\u0119wzi\u0119cia:<\/strong><\/p>\n\n\n\n<ul class=\"wp-block-list gtfy-27\">\n<li class=\"gtfy-25 gutenify-list-item\">b\u0119dziemy dla Pa\u0144stwa dost\u0119pni zar\u00f3wno na miejscu jak i poprzez dostarczanie posi\u0142k\u00f3w do domu,<\/li>\n\n\n\n<li class=\"gtfy-26 gutenify-list-item\">zadbamy o to by czas i jako\u015b\u0107 zam\u00f3wie\u0144 sprosta\u0142 Pa\u0144stwa najwy\u017cszym oczekiwaniom, &#8211; nasza oferta b\u0119dzie \u0142atwo dost\u0119pna za po\u015brednictwem strony internetowej<\/li>\n<\/ul>\n","protected":false},"excerpt":{"rendered":"<p>Celem realizacji projektu jest rozszerzenie dzia\u0142alno\u015bci GASTRO TESORO o dzia\u0142alno\u015b\u0107 restauracyjn\u0105 oraz realizacj\u0119 dostaw zam\u00f3wie\u0144 [&hellip;]<\/p>\n","protected":false},"author":1,"featured_media":0,"parent":0,"menu_order":0,"comment_status":"closed","ping_status":"closed","template":"","meta":{"footnotes":""},"class_list":["post-240","page","type-page","status-publish","hentry"],"yoast_head":"<!-- This site is optimized with the Yoast SEO plugin v27.1.1 - https:\/\/yoast.com\/product\/yoast-seo-wordpress\/ -->\n<title>Projekty - Gastro Tesoro<\/title>\n<meta name=\"robots\" content=\"index, follow, max-snippet:-1, max-image-preview:large, max-video-preview:-1\" \/>\n<link rel=\"canonical\" href=\"https:\/\/gastrotesoro.com.pl\/?page_id=240\" \/>\n<meta property=\"og:locale\" content=\"en_US\" \/>\n<meta property=\"og:type\" content=\"article\" \/>\n<meta property=\"og:title\" content=\"Projekty - Gastro Tesoro\" \/>\n<meta property=\"og:description\" content=\"Celem realizacji projektu jest rozszerzenie dzia\u0142alno\u015bci GASTRO TESORO o dzia\u0142alno\u015b\u0107 restauracyjn\u0105 oraz realizacj\u0119 dostaw zam\u00f3wie\u0144 [&hellip;]\" \/>\n<meta property=\"og:url\" content=\"https:\/\/gastrotesoro.com.pl\/?page_id=240\" \/>\n<meta property=\"og:site_name\" content=\"Gastro Tesoro\" \/>\n<meta property=\"article:modified_time\" content=\"2026-03-12T20:03:43+00:00\" \/>\n<meta property=\"og:image\" content=\"https:\/\/gastrotesoro.com.pl\/wp-content\/uploads\/2026\/03\/Bez-tytulu.png\" \/>\n\t<meta property=\"og:image:width\" content=\"908\" \/>\n\t<meta property=\"og:image:height\" content=\"116\" \/>\n\t<meta property=\"og:image:type\" content=\"image\/png\" \/>\n<meta name=\"twitter:card\" content=\"summary_large_image\" \/>\n<meta name=\"twitter:label1\" content=\"Est. reading time\" \/>\n\t<meta name=\"twitter:data1\" content=\"1 minute\" \/>\n<script type=\"application\/ld+json\" class=\"yoast-schema-graph\">{\"@context\":\"https:\/\/schema.org\",\"@graph\":[{\"@type\":\"WebPage\",\"@id\":\"https:\/\/gastrotesoro.com.pl\/?page_id=240\",\"url\":\"https:\/\/gastrotesoro.com.pl\/?page_id=240\",\"name\":\"Projekty - Gastro Tesoro\",\"isPartOf\":{\"@id\":\"https:\/\/gastrotesoro.com.pl\/#website\"},\"primaryImageOfPage\":{\"@id\":\"https:\/\/gastrotesoro.com.pl\/?page_id=240#primaryimage\"},\"image\":{\"@id\":\"https:\/\/gastrotesoro.com.pl\/?page_id=240#primaryimage\"},\"thumbnailUrl\":\"https:\/\/gastrotesoro.com.pl\/wp-content\/uploads\/2026\/03\/Bez-tytulu.png\",\"datePublished\":\"2026-03-12T19:54:33+00:00\",\"dateModified\":\"2026-03-12T20:03:43+00:00\",\"breadcrumb\":{\"@id\":\"https:\/\/gastrotesoro.com.pl\/?page_id=240#breadcrumb\"},\"inLanguage\":\"en-US\",\"potentialAction\":[{\"@type\":\"ReadAction\",\"target\":[\"https:\/\/gastrotesoro.com.pl\/?page_id=240\"]}]},{\"@type\":\"ImageObject\",\"inLanguage\":\"en-US\",\"@id\":\"https:\/\/gastrotesoro.com.pl\/?page_id=240#primaryimage\",\"url\":\"https:\/\/gastrotesoro.com.pl\/wp-content\/uploads\/2026\/03\/Bez-tytulu.png\",\"contentUrl\":\"https:\/\/gastrotesoro.com.pl\/wp-content\/uploads\/2026\/03\/Bez-tytulu.png\",\"width\":908,\"height\":116},{\"@type\":\"BreadcrumbList\",\"@id\":\"https:\/\/gastrotesoro.com.pl\/?page_id=240#breadcrumb\",\"itemListElement\":[{\"@type\":\"ListItem\",\"position\":1,\"name\":\"Home\",\"item\":\"https:\/\/gastrotesoro.com.pl\/\"},{\"@type\":\"ListItem\",\"position\":2,\"name\":\"Projekty\"}]},{\"@type\":\"WebSite\",\"@id\":\"https:\/\/gastrotesoro.com.pl\/#website\",\"url\":\"https:\/\/gastrotesoro.com.pl\/\",\"name\":\"Gastro Tesoro\",\"description\":\"\",\"publisher\":{\"@id\":\"https:\/\/gastrotesoro.com.pl\/#organization\"},\"potentialAction\":[{\"@type\":\"SearchAction\",\"target\":{\"@type\":\"EntryPoint\",\"urlTemplate\":\"https:\/\/gastrotesoro.com.pl\/?s={search_term_string}\"},\"query-input\":{\"@type\":\"PropertyValueSpecification\",\"valueRequired\":true,\"valueName\":\"search_term_string\"}}],\"inLanguage\":\"en-US\"},{\"@type\":\"Organization\",\"@id\":\"https:\/\/gastrotesoro.com.pl\/#organization\",\"name\":\"Gastro Tesoro\",\"url\":\"https:\/\/gastrotesoro.com.pl\/\",\"logo\":{\"@type\":\"ImageObject\",\"inLanguage\":\"en-US\",\"@id\":\"https:\/\/gastrotesoro.com.pl\/#\/schema\/logo\/image\/\",\"url\":\"https:\/\/gastrotesoro.com.pl\/wp-content\/uploads\/2026\/02\/WhatsApp-Image-2026-02-05-at-23.49.png\",\"contentUrl\":\"https:\/\/gastrotesoro.com.pl\/wp-content\/uploads\/2026\/02\/WhatsApp-Image-2026-02-05-at-23.49.png\",\"width\":300,\"height\":159,\"caption\":\"Gastro Tesoro\"},\"image\":{\"@id\":\"https:\/\/gastrotesoro.com.pl\/#\/schema\/logo\/image\/\"}}]}<\/script>\n<!-- \/ Yoast SEO plugin. -->","yoast_head_json":{"title":"Projekty - Gastro Tesoro","robots":{"index":"index","follow":"follow","max-snippet":"max-snippet:-1","max-image-preview":"max-image-preview:large","max-video-preview":"max-video-preview:-1"},"canonical":"https:\/\/gastrotesoro.com.pl\/?page_id=240","og_locale":"en_US","og_type":"article","og_title":"Projekty - Gastro Tesoro","og_description":"Celem realizacji projektu jest rozszerzenie dzia\u0142alno\u015bci GASTRO TESORO o dzia\u0142alno\u015b\u0107 restauracyjn\u0105 oraz realizacj\u0119 dostaw zam\u00f3wie\u0144 [&hellip;]","og_url":"https:\/\/gastrotesoro.com.pl\/?page_id=240","og_site_name":"Gastro Tesoro","article_modified_time":"2026-03-12T20:03:43+00:00","og_image":[{"width":908,"height":116,"url":"https:\/\/gastrotesoro.com.pl\/wp-content\/uploads\/2026\/03\/Bez-tytulu.png","type":"image\/png"}],"twitter_card":"summary_large_image","twitter_misc":{"Est. reading time":"1 minute"},"schema":{"@context":"https:\/\/schema.org","@graph":[{"@type":"WebPage","@id":"https:\/\/gastrotesoro.com.pl\/?page_id=240","url":"https:\/\/gastrotesoro.com.pl\/?page_id=240","name":"Projekty - Gastro Tesoro","isPartOf":{"@id":"https:\/\/gastrotesoro.com.pl\/#website"},"primaryImageOfPage":{"@id":"https:\/\/gastrotesoro.com.pl\/?page_id=240#primaryimage"},"image":{"@id":"https:\/\/gastrotesoro.com.pl\/?page_id=240#primaryimage"},"thumbnailUrl":"https:\/\/gastrotesoro.com.pl\/wp-content\/uploads\/2026\/03\/Bez-tytulu.png","datePublished":"2026-03-12T19:54:33+00:00","dateModified":"2026-03-12T20:03:43+00:00","breadcrumb":{"@id":"https:\/\/gastrotesoro.com.pl\/?page_id=240#breadcrumb"},"inLanguage":"en-US","potentialAction":[{"@type":"ReadAction","target":["https:\/\/gastrotesoro.com.pl\/?page_id=240"]}]},{"@type":"ImageObject","inLanguage":"en-US","@id":"https:\/\/gastrotesoro.com.pl\/?page_id=240#primaryimage","url":"https:\/\/gastrotesoro.com.pl\/wp-content\/uploads\/2026\/03\/Bez-tytulu.png","contentUrl":"https:\/\/gastrotesoro.com.pl\/wp-content\/uploads\/2026\/03\/Bez-tytulu.png","width":908,"height":116},{"@type":"BreadcrumbList","@id":"https:\/\/gastrotesoro.com.pl\/?page_id=240#breadcrumb","itemListElement":[{"@type":"ListItem","position":1,"name":"Home","item":"https:\/\/gastrotesoro.com.pl\/"},{"@type":"ListItem","position":2,"name":"Projekty"}]},{"@type":"WebSite","@id":"https:\/\/gastrotesoro.com.pl\/#website","url":"https:\/\/gastrotesoro.com.pl\/","name":"Gastro Tesoro","description":"","publisher":{"@id":"https:\/\/gastrotesoro.com.pl\/#organization"},"potentialAction":[{"@type":"SearchAction","target":{"@type":"EntryPoint","urlTemplate":"https:\/\/gastrotesoro.com.pl\/?s={search_term_string}"},"query-input":{"@type":"PropertyValueSpecification","valueRequired":true,"valueName":"search_term_string"}}],"inLanguage":"en-US"},{"@type":"Organization","@id":"https:\/\/gastrotesoro.com.pl\/#organization","name":"Gastro Tesoro","url":"https:\/\/gastrotesoro.com.pl\/","logo":{"@type":"ImageObject","inLanguage":"en-US","@id":"https:\/\/gastrotesoro.com.pl\/#\/schema\/logo\/image\/","url":"https:\/\/gastrotesoro.com.pl\/wp-content\/uploads\/2026\/02\/WhatsApp-Image-2026-02-05-at-23.49.png","contentUrl":"https:\/\/gastrotesoro.com.pl\/wp-content\/uploads\/2026\/02\/WhatsApp-Image-2026-02-05-at-23.49.png","width":300,"height":159,"caption":"Gastro Tesoro"},"image":{"@id":"https:\/\/gastrotesoro.com.pl\/#\/schema\/logo\/image\/"}}]}},"_links":{"self":[{"href":"https:\/\/gastrotesoro.com.pl\/index.php?rest_route=\/wp\/v2\/pages\/240","targetHints":{"allow":["GET"]}}],"collection":[{"href":"https:\/\/gastrotesoro.com.pl\/index.php?rest_route=\/wp\/v2\/pages"}],"about":[{"href":"https:\/\/gastrotesoro.com.pl\/index.php?rest_route=\/wp\/v2\/types\/page"}],"author":[{"embeddable":true,"href":"https:\/\/gastrotesoro.com.pl\/index.php?rest_route=\/wp\/v2\/users\/1"}],"replies":[{"embeddable":true,"href":"https:\/\/gastrotesoro.com.pl\/index.php?rest_route=%2Fwp%2Fv2%2Fcomments&post=240"}],"version-history":[{"count":5,"href":"https:\/\/gastrotesoro.com.pl\/index.php?rest_route=\/wp\/v2\/pages\/240\/revisions"}],"predecessor-version":[{"id":249,"href":"https:\/\/gastrotesoro.com.pl\/index.php?rest_route=\/wp\/v2\/pages\/240\/revisions\/249"}],"wp:attachment":[{"href":"https:\/\/gastrotesoro.com.pl\/index.php?rest_route=%2Fwp%2Fv2%2Fmedia&parent=240"}],"curies":[{"name":"wp","href":"https:\/\/api.w.org\/{rel}","templated":true}]}}