{"id":268,"date":"2026-04-08T10:30:32","date_gmt":"2026-04-08T08:30:32","guid":{"rendered":"https:\/\/gastrotesoro.com.pl\/?page_id=268"},"modified":"2026-04-08T10:30:33","modified_gmt":"2026-04-08T08:30:33","slug":"urodziny-i-jubileusze-swietuj-kolejny-rok-w-wielkim-stylu","status":"publish","type":"page","link":"https:\/\/gastrotesoro.com.pl\/?page_id=268","title":{"rendered":"Urodziny i Jubileusze \u2013 \u015awi\u0119tuj kolejny rok w wielkim stylu!"},"content":{"rendered":"\n<p class=\"gtfy-1\">Ka\u017cdy rok to pow\u00f3d do rado\u015bci, a okr\u0105g\u0142e rocznice wymagaj\u0105 wyj\u0105tkowej oprawy. Niezale\u017cnie od tego, czy planujesz huczn\u0105 osiemnastk\u0119 w gronie znajomych, czy elegancki, spokojny jubileusz (np. 50., 60. czy 70. urodziny) w otoczeniu najbli\u017cszej rodziny \u2013 nasza sala dostosuje si\u0119 do Twojej wizji. Zadbamy o to, aby ten dzie\u0144 by\u0142 dok\u0142adnie taki, jak sobie wymarzy\u0142e\u015b.<\/p>\n\n\n\n<p class=\"gtfy-4\"><strong>Co obejmuje nasza oferta?<\/strong><\/p>\n\n\n\n<ul class=\"wp-block-list gtfy-11\">\n<li class=\"gtfy-7 gutenify-list-item\"><strong>Elastyczna przestrze\u0144:<\/strong> Dopasujemy uk\u0142ad sto\u0142\u00f3w i wielko\u015b\u0107 parkietu do liczby go\u015bci i charakteru imprezy.<\/li>\n\n\n\n<li class=\"gtfy-8 gutenify-list-item\"><strong>Wy\u015bmienite menu:<\/strong> Od klasycznych obiad\u00f3w zasiadanych, przez zimne p\u0142yty, a\u017c po nowoczesne przek\u0105ski typu &#8220;finger food&#8221;.<\/li>\n\n\n\n<li class=\"gtfy-9 gutenify-list-item\"><strong>Klimat i wystr\u00f3j:<\/strong> Pomo\u017cemy w doborze dekoracji, o\u015bwietlenia i oprawy florystycznej, kt\u00f3ra podkre\u015bli charakter jubileuszu.<\/li>\n\n\n\n<li class=\"gtfy-10 gutenify-list-item\"><strong>Miejsce na rozrywk\u0119:<\/strong> Zapewniamy przestrze\u0144 dla DJ-a, zespo\u0142u muzycznego oraz miejsce na dodatkowe atrakcje (np. fotobudk\u0119).<\/li>\n<\/ul>\n\n\n\n<p class=\"gtfy-14\"><\/p>\n","protected":false},"excerpt":{"rendered":"<p>Ka\u017cdy rok to pow\u00f3d do rado\u015bci, a okr\u0105g\u0142e rocznice wymagaj\u0105 wyj\u0105tkowej oprawy. Niezale\u017cnie od tego, [&hellip;]<\/p>\n","protected":false},"author":1,"featured_media":0,"parent":0,"menu_order":0,"comment_status":"closed","ping_status":"closed","template":"","meta":{"footnotes":""},"class_list":["post-268","page","type-page","status-publish","hentry"],"yoast_head":"<!-- This site is optimized with the Yoast SEO plugin v27.1.1 - https:\/\/yoast.com\/product\/yoast-seo-wordpress\/ -->\n<title>Urodziny i Jubileusze \u2013 \u015awi\u0119tuj kolejny rok w wielkim stylu! - Gastro Tesoro<\/title>\n<meta name=\"robots\" content=\"index, follow, max-snippet:-1, max-image-preview:large, max-video-preview:-1\" \/>\n<link rel=\"canonical\" href=\"https:\/\/gastrotesoro.com.pl\/?page_id=268\" \/>\n<meta property=\"og:locale\" content=\"en_US\" \/>\n<meta property=\"og:type\" content=\"article\" \/>\n<meta property=\"og:title\" content=\"Urodziny i Jubileusze \u2013 \u015awi\u0119tuj kolejny rok w wielkim stylu! - Gastro Tesoro\" \/>\n<meta property=\"og:description\" content=\"Ka\u017cdy rok to pow\u00f3d do rado\u015bci, a okr\u0105g\u0142e rocznice wymagaj\u0105 wyj\u0105tkowej oprawy. Niezale\u017cnie od tego, [&hellip;]\" \/>\n<meta property=\"og:url\" content=\"https:\/\/gastrotesoro.com.pl\/?page_id=268\" \/>\n<meta property=\"og:site_name\" content=\"Gastro Tesoro\" \/>\n<meta property=\"article:modified_time\" content=\"2026-04-08T08:30:33+00:00\" \/>\n<meta name=\"twitter:card\" content=\"summary_large_image\" \/>\n<meta name=\"twitter:label1\" content=\"Est. reading time\" \/>\n\t<meta name=\"twitter:data1\" content=\"1 minute\" \/>\n<script type=\"application\/ld+json\" class=\"yoast-schema-graph\">{\"@context\":\"https:\/\/schema.org\",\"@graph\":[{\"@type\":\"WebPage\",\"@id\":\"https:\/\/gastrotesoro.com.pl\/?page_id=268\",\"url\":\"https:\/\/gastrotesoro.com.pl\/?page_id=268\",\"name\":\"Urodziny i Jubileusze \u2013 \u015awi\u0119tuj kolejny rok w wielkim stylu! - Gastro Tesoro\",\"isPartOf\":{\"@id\":\"https:\/\/gastrotesoro.com.pl\/#website\"},\"datePublished\":\"2026-04-08T08:30:32+00:00\",\"dateModified\":\"2026-04-08T08:30:33+00:00\",\"breadcrumb\":{\"@id\":\"https:\/\/gastrotesoro.com.pl\/?page_id=268#breadcrumb\"},\"inLanguage\":\"en-US\",\"potentialAction\":[{\"@type\":\"ReadAction\",\"target\":[\"https:\/\/gastrotesoro.com.pl\/?page_id=268\"]}]},{\"@type\":\"BreadcrumbList\",\"@id\":\"https:\/\/gastrotesoro.com.pl\/?page_id=268#breadcrumb\",\"itemListElement\":[{\"@type\":\"ListItem\",\"position\":1,\"name\":\"Home\",\"item\":\"https:\/\/gastrotesoro.com.pl\/\"},{\"@type\":\"ListItem\",\"position\":2,\"name\":\"Urodziny i Jubileusze \u2013 \u015awi\u0119tuj kolejny rok w wielkim stylu!\"}]},{\"@type\":\"WebSite\",\"@id\":\"https:\/\/gastrotesoro.com.pl\/#website\",\"url\":\"https:\/\/gastrotesoro.com.pl\/\",\"name\":\"Gastro Tesoro\",\"description\":\"\",\"publisher\":{\"@id\":\"https:\/\/gastrotesoro.com.pl\/#organization\"},\"potentialAction\":[{\"@type\":\"SearchAction\",\"target\":{\"@type\":\"EntryPoint\",\"urlTemplate\":\"https:\/\/gastrotesoro.com.pl\/?s={search_term_string}\"},\"query-input\":{\"@type\":\"PropertyValueSpecification\",\"valueRequired\":true,\"valueName\":\"search_term_string\"}}],\"inLanguage\":\"en-US\"},{\"@type\":\"Organization\",\"@id\":\"https:\/\/gastrotesoro.com.pl\/#organization\",\"name\":\"Gastro Tesoro\",\"url\":\"https:\/\/gastrotesoro.com.pl\/\",\"logo\":{\"@type\":\"ImageObject\",\"inLanguage\":\"en-US\",\"@id\":\"https:\/\/gastrotesoro.com.pl\/#\/schema\/logo\/image\/\",\"url\":\"https:\/\/gastrotesoro.com.pl\/wp-content\/uploads\/2026\/02\/WhatsApp-Image-2026-02-05-at-23.49.png\",\"contentUrl\":\"https:\/\/gastrotesoro.com.pl\/wp-content\/uploads\/2026\/02\/WhatsApp-Image-2026-02-05-at-23.49.png\",\"width\":300,\"height\":159,\"caption\":\"Gastro Tesoro\"},\"image\":{\"@id\":\"https:\/\/gastrotesoro.com.pl\/#\/schema\/logo\/image\/\"}}]}<\/script>\n<!-- \/ Yoast SEO plugin. -->","yoast_head_json":{"title":"Urodziny i Jubileusze \u2013 \u015awi\u0119tuj kolejny rok w wielkim stylu! - Gastro Tesoro","robots":{"index":"index","follow":"follow","max-snippet":"max-snippet:-1","max-image-preview":"max-image-preview:large","max-video-preview":"max-video-preview:-1"},"canonical":"https:\/\/gastrotesoro.com.pl\/?page_id=268","og_locale":"en_US","og_type":"article","og_title":"Urodziny i Jubileusze \u2013 \u015awi\u0119tuj kolejny rok w wielkim stylu! - Gastro Tesoro","og_description":"Ka\u017cdy rok to pow\u00f3d do rado\u015bci, a okr\u0105g\u0142e rocznice wymagaj\u0105 wyj\u0105tkowej oprawy. Niezale\u017cnie od tego, [&hellip;]","og_url":"https:\/\/gastrotesoro.com.pl\/?page_id=268","og_site_name":"Gastro Tesoro","article_modified_time":"2026-04-08T08:30:33+00:00","twitter_card":"summary_large_image","twitter_misc":{"Est. reading time":"1 minute"},"schema":{"@context":"https:\/\/schema.org","@graph":[{"@type":"WebPage","@id":"https:\/\/gastrotesoro.com.pl\/?page_id=268","url":"https:\/\/gastrotesoro.com.pl\/?page_id=268","name":"Urodziny i Jubileusze \u2013 \u015awi\u0119tuj kolejny rok w wielkim stylu! - Gastro Tesoro","isPartOf":{"@id":"https:\/\/gastrotesoro.com.pl\/#website"},"datePublished":"2026-04-08T08:30:32+00:00","dateModified":"2026-04-08T08:30:33+00:00","breadcrumb":{"@id":"https:\/\/gastrotesoro.com.pl\/?page_id=268#breadcrumb"},"inLanguage":"en-US","potentialAction":[{"@type":"ReadAction","target":["https:\/\/gastrotesoro.com.pl\/?page_id=268"]}]},{"@type":"BreadcrumbList","@id":"https:\/\/gastrotesoro.com.pl\/?page_id=268#breadcrumb","itemListElement":[{"@type":"ListItem","position":1,"name":"Home","item":"https:\/\/gastrotesoro.com.pl\/"},{"@type":"ListItem","position":2,"name":"Urodziny i Jubileusze \u2013 \u015awi\u0119tuj kolejny rok w wielkim stylu!"}]},{"@type":"WebSite","@id":"https:\/\/gastrotesoro.com.pl\/#website","url":"https:\/\/gastrotesoro.com.pl\/","name":"Gastro Tesoro","description":"","publisher":{"@id":"https:\/\/gastrotesoro.com.pl\/#organization"},"potentialAction":[{"@type":"SearchAction","target":{"@type":"EntryPoint","urlTemplate":"https:\/\/gastrotesoro.com.pl\/?s={search_term_string}"},"query-input":{"@type":"PropertyValueSpecification","valueRequired":true,"valueName":"search_term_string"}}],"inLanguage":"en-US"},{"@type":"Organization","@id":"https:\/\/gastrotesoro.com.pl\/#organization","name":"Gastro Tesoro","url":"https:\/\/gastrotesoro.com.pl\/","logo":{"@type":"ImageObject","inLanguage":"en-US","@id":"https:\/\/gastrotesoro.com.pl\/#\/schema\/logo\/image\/","url":"https:\/\/gastrotesoro.com.pl\/wp-content\/uploads\/2026\/02\/WhatsApp-Image-2026-02-05-at-23.49.png","contentUrl":"https:\/\/gastrotesoro.com.pl\/wp-content\/uploads\/2026\/02\/WhatsApp-Image-2026-02-05-at-23.49.png","width":300,"height":159,"caption":"Gastro Tesoro"},"image":{"@id":"https:\/\/gastrotesoro.com.pl\/#\/schema\/logo\/image\/"}}]}},"_links":{"self":[{"href":"https:\/\/gastrotesoro.com.pl\/index.php?rest_route=\/wp\/v2\/pages\/268","targetHints":{"allow":["GET"]}}],"collection":[{"href":"https:\/\/gastrotesoro.com.pl\/index.php?rest_route=\/wp\/v2\/pages"}],"about":[{"href":"https:\/\/gastrotesoro.com.pl\/index.php?rest_route=\/wp\/v2\/types\/page"}],"author":[{"embeddable":true,"href":"https:\/\/gastrotesoro.com.pl\/index.php?rest_route=\/wp\/v2\/users\/1"}],"replies":[{"embeddable":true,"href":"https:\/\/gastrotesoro.com.pl\/index.php?rest_route=%2Fwp%2Fv2%2Fcomments&post=268"}],"version-history":[{"count":1,"href":"https:\/\/gastrotesoro.com.pl\/index.php?rest_route=\/wp\/v2\/pages\/268\/revisions"}],"predecessor-version":[{"id":269,"href":"https:\/\/gastrotesoro.com.pl\/index.php?rest_route=\/wp\/v2\/pages\/268\/revisions\/269"}],"wp:attachment":[{"href":"https:\/\/gastrotesoro.com.pl\/index.php?rest_route=%2Fwp%2Fv2%2Fmedia&parent=268"}],"curies":[{"name":"wp","href":"https:\/\/api.w.org\/{rel}","templated":true}]}}