{"id":270,"date":"2026-04-08T10:31:40","date_gmt":"2026-04-08T08:31:40","guid":{"rendered":"https:\/\/gastrotesoro.com.pl\/?page_id=270"},"modified":"2026-04-08T10:51:46","modified_gmt":"2026-04-08T08:51:46","slug":"chrzciny-wyjatkowe-chwile-w-atmosferze-pelnej-ciepla","status":"publish","type":"page","link":"https:\/\/gastrotesoro.com.pl\/?page_id=270","title":{"rendered":"Chrzciny \u2013 Wyj\u0105tkowe chwile w atmosferze pe\u0142nej ciep\u0142a"},"content":{"rendered":"\n<p class=\"gtfy-1\"><strong><em>Chrzest \u015awi\u0119ty<\/em><\/strong> to pierwsze tak wa\u017cne wydarzenie w \u017cyciu Twojego dziecka i pi\u0119kna okazja do spotkania w gronie najbli\u017cszych. Organizujemy przyj\u0119cia z tej okazji w atmosferze pe\u0142nej spokoju i rado\u015bci. Doskonale wiemy, czego potrzebuj\u0105 rodziny w tym wyj\u0105tkowym dniu, dlatego dbamy o komfort zar\u00f3wno m\u0142odych uczestnik\u00f3w, jak i ich rodzic\u00f3w.<\/p>\n\n\n\n<p class=\"gtfy-4\"><strong>Co obejmuje nasza oferta?<\/strong><\/p>\n\n\n\n<ul class=\"wp-block-list gtfy-11\">\n<li class=\"gtfy-7 gutenify-list-item\"><strong>Dedykowane menu:<\/strong> Proponujemy wykwintne, ale lekkie i tradycyjne dania dla doros\u0142ych oraz specjalnie skomponowane, smaczne potrawy dla najm\u0142odszych.<\/li>\n\n\n\n<li class=\"gtfy-8 gutenify-list-item\"><strong>Komfort dla rodzic\u00f3w i dzieci:<\/strong> Zapewniamy ustronne miejsce do karmienia i przewijania male\u0144stwa oraz krzese\u0142ka do karmienia dla nieco starszych pociech.<\/li>\n\n\n\n<li class=\"gtfy-9 gutenify-list-item\"><strong>Elegancka oprawa:<\/strong> Subtelne, jasne dekoracje sto\u0142\u00f3w dopasowane do radosnego charakteru uroczysto\u015bci.<\/li>\n\n\n\n<li class=\"gtfy-10 gutenify-list-item\"><strong>K\u0105cik zabaw:<\/strong> Bezpieczna przestrze\u0144 dla starszych dzieci, by rodzice mogli spokojnie celebrowa\u0107 ten czas.<\/li>\n<\/ul>\n\n\n<div class=\"gutenify-section-layout-1 wp-block-gutenify-advance-slider gtfy-18 swiper\"><div class=\"swiper-wrapper\">\n\n<div class=\"wp-block-gutenify-advance-slide-item gutenify-block-slide-item-wrapper swiper-slide gtfy-16\">\n<div class=\"wp-block-cover gtfy-15\"><img loading=\"lazy\" decoding=\"async\" width=\"768\" height=\"1024\" class=\"wp-block-cover__image-background wp-image-289 size-large\" alt=\"\" src=\"https:\/\/gastrotesoro.com.pl\/wp-content\/uploads\/2026\/04\/0babdc61-bb9c-4f4e-ba7b-0e5c49a56083-768x1024.jpg\" data-object-fit=\"cover\" srcset=\"https:\/\/gastrotesoro.com.pl\/wp-content\/uploads\/2026\/04\/0babdc61-bb9c-4f4e-ba7b-0e5c49a56083-768x1024.jpg 768w, https:\/\/gastrotesoro.com.pl\/wp-content\/uploads\/2026\/04\/0babdc61-bb9c-4f4e-ba7b-0e5c49a56083-225x300.jpg 225w, https:\/\/gastrotesoro.com.pl\/wp-content\/uploads\/2026\/04\/0babdc61-bb9c-4f4e-ba7b-0e5c49a56083-1152x1536.jpg 1152w, https:\/\/gastrotesoro.com.pl\/wp-content\/uploads\/2026\/04\/0babdc61-bb9c-4f4e-ba7b-0e5c49a56083.jpg 1200w\" sizes=\"auto, (max-width: 768px) 100vw, 768px\" \/><span aria-hidden=\"true\" class=\"wp-block-cover__background has-background-dim\" style=\"background-color:#8d795d\"><\/span><div class=\"wp-block-cover__inner-container is-layout-flow wp-block-cover-is-layout-flow\">\n<h2 class=\"wp-block-heading has-text-align-center has-text-color gtfy-14\" style=\"color:#272525\"><\/h2>\n<\/div><\/div>\n<\/div>\n\n\n\n<div class=\"wp-block-gutenify-advance-slide-item gutenify-block-slide-item-wrapper swiper-slide gtfy-17\"><\/div>\n\n<\/div><div class=\"navigation-wrap\">\n\t\t\t\t<div class=\"swiper-button-prev\"><\/div>\n\t\t\t\t<div class=\"swiper-button-next\"><\/div>\n\t\t\t<\/div><\/div>","protected":false},"excerpt":{"rendered":"<p>Chrzest \u015awi\u0119ty to pierwsze tak wa\u017cne wydarzenie w \u017cyciu Twojego dziecka i pi\u0119kna okazja do [&hellip;]<\/p>\n","protected":false},"author":1,"featured_media":0,"parent":0,"menu_order":0,"comment_status":"closed","ping_status":"closed","template":"","meta":{"footnotes":""},"class_list":["post-270","page","type-page","status-publish","hentry"],"yoast_head":"<!-- This site is optimized with the Yoast SEO plugin v27.1.1 - https:\/\/yoast.com\/product\/yoast-seo-wordpress\/ -->\n<title>Chrzciny \u2013 Wyj\u0105tkowe chwile w atmosferze pe\u0142nej ciep\u0142a - Gastro Tesoro<\/title>\n<meta name=\"robots\" content=\"index, follow, max-snippet:-1, max-image-preview:large, max-video-preview:-1\" \/>\n<link rel=\"canonical\" href=\"https:\/\/gastrotesoro.com.pl\/?page_id=270\" \/>\n<meta property=\"og:locale\" content=\"en_US\" \/>\n<meta property=\"og:type\" content=\"article\" \/>\n<meta property=\"og:title\" content=\"Chrzciny \u2013 Wyj\u0105tkowe chwile w atmosferze pe\u0142nej ciep\u0142a - Gastro Tesoro\" \/>\n<meta property=\"og:description\" content=\"Chrzest \u015awi\u0119ty to pierwsze tak wa\u017cne wydarzenie w \u017cyciu Twojego dziecka i pi\u0119kna okazja do [&hellip;]\" \/>\n<meta property=\"og:url\" content=\"https:\/\/gastrotesoro.com.pl\/?page_id=270\" \/>\n<meta property=\"og:site_name\" content=\"Gastro Tesoro\" \/>\n<meta property=\"article:modified_time\" content=\"2026-04-08T08:51:46+00:00\" \/>\n<meta property=\"og:image\" content=\"https:\/\/gastrotesoro.com.pl\/wp-content\/uploads\/2026\/04\/0babdc61-bb9c-4f4e-ba7b-0e5c49a56083.jpg\" \/>\n\t<meta property=\"og:image:width\" content=\"1200\" \/>\n\t<meta property=\"og:image:height\" content=\"1600\" \/>\n\t<meta property=\"og:image:type\" content=\"image\/jpeg\" \/>\n<meta name=\"twitter:card\" content=\"summary_large_image\" \/>\n<meta name=\"twitter:label1\" content=\"Est. reading time\" \/>\n\t<meta name=\"twitter:data1\" content=\"1 minute\" \/>\n<script type=\"application\/ld+json\" class=\"yoast-schema-graph\">{\"@context\":\"https:\/\/schema.org\",\"@graph\":[{\"@type\":\"WebPage\",\"@id\":\"https:\/\/gastrotesoro.com.pl\/?page_id=270\",\"url\":\"https:\/\/gastrotesoro.com.pl\/?page_id=270\",\"name\":\"Chrzciny \u2013 Wyj\u0105tkowe chwile w atmosferze pe\u0142nej ciep\u0142a - Gastro Tesoro\",\"isPartOf\":{\"@id\":\"https:\/\/gastrotesoro.com.pl\/#website\"},\"primaryImageOfPage\":{\"@id\":\"https:\/\/gastrotesoro.com.pl\/?page_id=270#primaryimage\"},\"image\":{\"@id\":\"https:\/\/gastrotesoro.com.pl\/?page_id=270#primaryimage\"},\"thumbnailUrl\":\"https:\/\/gastrotesoro.com.pl\/wp-content\/uploads\/2026\/04\/0babdc61-bb9c-4f4e-ba7b-0e5c49a56083-768x1024.jpg\",\"datePublished\":\"2026-04-08T08:31:40+00:00\",\"dateModified\":\"2026-04-08T08:51:46+00:00\",\"breadcrumb\":{\"@id\":\"https:\/\/gastrotesoro.com.pl\/?page_id=270#breadcrumb\"},\"inLanguage\":\"en-US\",\"potentialAction\":[{\"@type\":\"ReadAction\",\"target\":[\"https:\/\/gastrotesoro.com.pl\/?page_id=270\"]}]},{\"@type\":\"ImageObject\",\"inLanguage\":\"en-US\",\"@id\":\"https:\/\/gastrotesoro.com.pl\/?page_id=270#primaryimage\",\"url\":\"https:\/\/gastrotesoro.com.pl\/wp-content\/uploads\/2026\/04\/0babdc61-bb9c-4f4e-ba7b-0e5c49a56083.jpg\",\"contentUrl\":\"https:\/\/gastrotesoro.com.pl\/wp-content\/uploads\/2026\/04\/0babdc61-bb9c-4f4e-ba7b-0e5c49a56083.jpg\",\"width\":1200,\"height\":1600},{\"@type\":\"BreadcrumbList\",\"@id\":\"https:\/\/gastrotesoro.com.pl\/?page_id=270#breadcrumb\",\"itemListElement\":[{\"@type\":\"ListItem\",\"position\":1,\"name\":\"Home\",\"item\":\"https:\/\/gastrotesoro.com.pl\/\"},{\"@type\":\"ListItem\",\"position\":2,\"name\":\"Chrzciny \u2013 Wyj\u0105tkowe chwile w atmosferze pe\u0142nej ciep\u0142a\"}]},{\"@type\":\"WebSite\",\"@id\":\"https:\/\/gastrotesoro.com.pl\/#website\",\"url\":\"https:\/\/gastrotesoro.com.pl\/\",\"name\":\"Gastro Tesoro\",\"description\":\"\",\"publisher\":{\"@id\":\"https:\/\/gastrotesoro.com.pl\/#organization\"},\"potentialAction\":[{\"@type\":\"SearchAction\",\"target\":{\"@type\":\"EntryPoint\",\"urlTemplate\":\"https:\/\/gastrotesoro.com.pl\/?s={search_term_string}\"},\"query-input\":{\"@type\":\"PropertyValueSpecification\",\"valueRequired\":true,\"valueName\":\"search_term_string\"}}],\"inLanguage\":\"en-US\"},{\"@type\":\"Organization\",\"@id\":\"https:\/\/gastrotesoro.com.pl\/#organization\",\"name\":\"Gastro Tesoro\",\"url\":\"https:\/\/gastrotesoro.com.pl\/\",\"logo\":{\"@type\":\"ImageObject\",\"inLanguage\":\"en-US\",\"@id\":\"https:\/\/gastrotesoro.com.pl\/#\/schema\/logo\/image\/\",\"url\":\"https:\/\/gastrotesoro.com.pl\/wp-content\/uploads\/2026\/02\/WhatsApp-Image-2026-02-05-at-23.49.png\",\"contentUrl\":\"https:\/\/gastrotesoro.com.pl\/wp-content\/uploads\/2026\/02\/WhatsApp-Image-2026-02-05-at-23.49.png\",\"width\":300,\"height\":159,\"caption\":\"Gastro Tesoro\"},\"image\":{\"@id\":\"https:\/\/gastrotesoro.com.pl\/#\/schema\/logo\/image\/\"}}]}<\/script>\n<!-- \/ Yoast SEO plugin. -->","yoast_head_json":{"title":"Chrzciny \u2013 Wyj\u0105tkowe chwile w atmosferze pe\u0142nej ciep\u0142a - Gastro Tesoro","robots":{"index":"index","follow":"follow","max-snippet":"max-snippet:-1","max-image-preview":"max-image-preview:large","max-video-preview":"max-video-preview:-1"},"canonical":"https:\/\/gastrotesoro.com.pl\/?page_id=270","og_locale":"en_US","og_type":"article","og_title":"Chrzciny \u2013 Wyj\u0105tkowe chwile w atmosferze pe\u0142nej ciep\u0142a - Gastro Tesoro","og_description":"Chrzest \u015awi\u0119ty to pierwsze tak wa\u017cne wydarzenie w \u017cyciu Twojego dziecka i pi\u0119kna okazja do [&hellip;]","og_url":"https:\/\/gastrotesoro.com.pl\/?page_id=270","og_site_name":"Gastro Tesoro","article_modified_time":"2026-04-08T08:51:46+00:00","og_image":[{"width":1200,"height":1600,"url":"https:\/\/gastrotesoro.com.pl\/wp-content\/uploads\/2026\/04\/0babdc61-bb9c-4f4e-ba7b-0e5c49a56083.jpg","type":"image\/jpeg"}],"twitter_card":"summary_large_image","twitter_misc":{"Est. reading time":"1 minute"},"schema":{"@context":"https:\/\/schema.org","@graph":[{"@type":"WebPage","@id":"https:\/\/gastrotesoro.com.pl\/?page_id=270","url":"https:\/\/gastrotesoro.com.pl\/?page_id=270","name":"Chrzciny \u2013 Wyj\u0105tkowe chwile w atmosferze pe\u0142nej ciep\u0142a - Gastro Tesoro","isPartOf":{"@id":"https:\/\/gastrotesoro.com.pl\/#website"},"primaryImageOfPage":{"@id":"https:\/\/gastrotesoro.com.pl\/?page_id=270#primaryimage"},"image":{"@id":"https:\/\/gastrotesoro.com.pl\/?page_id=270#primaryimage"},"thumbnailUrl":"https:\/\/gastrotesoro.com.pl\/wp-content\/uploads\/2026\/04\/0babdc61-bb9c-4f4e-ba7b-0e5c49a56083-768x1024.jpg","datePublished":"2026-04-08T08:31:40+00:00","dateModified":"2026-04-08T08:51:46+00:00","breadcrumb":{"@id":"https:\/\/gastrotesoro.com.pl\/?page_id=270#breadcrumb"},"inLanguage":"en-US","potentialAction":[{"@type":"ReadAction","target":["https:\/\/gastrotesoro.com.pl\/?page_id=270"]}]},{"@type":"ImageObject","inLanguage":"en-US","@id":"https:\/\/gastrotesoro.com.pl\/?page_id=270#primaryimage","url":"https:\/\/gastrotesoro.com.pl\/wp-content\/uploads\/2026\/04\/0babdc61-bb9c-4f4e-ba7b-0e5c49a56083.jpg","contentUrl":"https:\/\/gastrotesoro.com.pl\/wp-content\/uploads\/2026\/04\/0babdc61-bb9c-4f4e-ba7b-0e5c49a56083.jpg","width":1200,"height":1600},{"@type":"BreadcrumbList","@id":"https:\/\/gastrotesoro.com.pl\/?page_id=270#breadcrumb","itemListElement":[{"@type":"ListItem","position":1,"name":"Home","item":"https:\/\/gastrotesoro.com.pl\/"},{"@type":"ListItem","position":2,"name":"Chrzciny \u2013 Wyj\u0105tkowe chwile w atmosferze pe\u0142nej ciep\u0142a"}]},{"@type":"WebSite","@id":"https:\/\/gastrotesoro.com.pl\/#website","url":"https:\/\/gastrotesoro.com.pl\/","name":"Gastro Tesoro","description":"","publisher":{"@id":"https:\/\/gastrotesoro.com.pl\/#organization"},"potentialAction":[{"@type":"SearchAction","target":{"@type":"EntryPoint","urlTemplate":"https:\/\/gastrotesoro.com.pl\/?s={search_term_string}"},"query-input":{"@type":"PropertyValueSpecification","valueRequired":true,"valueName":"search_term_string"}}],"inLanguage":"en-US"},{"@type":"Organization","@id":"https:\/\/gastrotesoro.com.pl\/#organization","name":"Gastro Tesoro","url":"https:\/\/gastrotesoro.com.pl\/","logo":{"@type":"ImageObject","inLanguage":"en-US","@id":"https:\/\/gastrotesoro.com.pl\/#\/schema\/logo\/image\/","url":"https:\/\/gastrotesoro.com.pl\/wp-content\/uploads\/2026\/02\/WhatsApp-Image-2026-02-05-at-23.49.png","contentUrl":"https:\/\/gastrotesoro.com.pl\/wp-content\/uploads\/2026\/02\/WhatsApp-Image-2026-02-05-at-23.49.png","width":300,"height":159,"caption":"Gastro Tesoro"},"image":{"@id":"https:\/\/gastrotesoro.com.pl\/#\/schema\/logo\/image\/"}}]}},"_links":{"self":[{"href":"https:\/\/gastrotesoro.com.pl\/index.php?rest_route=\/wp\/v2\/pages\/270","targetHints":{"allow":["GET"]}}],"collection":[{"href":"https:\/\/gastrotesoro.com.pl\/index.php?rest_route=\/wp\/v2\/pages"}],"about":[{"href":"https:\/\/gastrotesoro.com.pl\/index.php?rest_route=\/wp\/v2\/types\/page"}],"author":[{"embeddable":true,"href":"https:\/\/gastrotesoro.com.pl\/index.php?rest_route=\/wp\/v2\/users\/1"}],"replies":[{"embeddable":true,"href":"https:\/\/gastrotesoro.com.pl\/index.php?rest_route=%2Fwp%2Fv2%2Fcomments&post=270"}],"version-history":[{"count":4,"href":"https:\/\/gastrotesoro.com.pl\/index.php?rest_route=\/wp\/v2\/pages\/270\/revisions"}],"predecessor-version":[{"id":293,"href":"https:\/\/gastrotesoro.com.pl\/index.php?rest_route=\/wp\/v2\/pages\/270\/revisions\/293"}],"wp:attachment":[{"href":"https:\/\/gastrotesoro.com.pl\/index.php?rest_route=%2Fwp%2Fv2%2Fmedia&parent=270"}],"curies":[{"name":"wp","href":"https:\/\/api.w.org\/{rel}","templated":true}]}}