{"id":278,"date":"2026-04-08T10:38:45","date_gmt":"2026-04-08T08:38:45","guid":{"rendered":"https:\/\/gastrotesoro.com.pl\/?page_id=278"},"modified":"2026-04-08T10:38:46","modified_gmt":"2026-04-08T08:38:46","slug":"eventy-gale-i-uroczystosci-firmowe-twoja-okazja-nasza-pasja","status":"publish","type":"page","link":"https:\/\/gastrotesoro.com.pl\/?page_id=278","title":{"rendered":"Eventy, Gale i Uroczysto\u015bci Firmowe \u2013 Twoja okazja, nasza pasja"},"content":{"rendered":"\n<p class=\"gtfy-1\">Szukasz wyj\u0105tkowego miejsca na zorganizowanie wydarzenia dla Twojej firmy, fundacji lub spo\u0142eczno\u015bci? Jeste\u015bmy gotowi na ka\u017cde wyzwanie. Charytatywne gale, wieczory autorskie, firmowe bankiety, a mo\u017ce jubileusze przedsi\u0119biorstwa? Nasza sala jest niezwykle elastyczna \u2013 z \u0142atwo\u015bci\u0105 dopasujemy jej uk\u0142ad oraz menu do specyfiki Twojego eventu.<\/p>\n\n\n\n<p class=\"gtfy-4\"><strong>Co obejmuje nasza oferta?<\/strong><\/p>\n\n\n\n<ul class=\"wp-block-list gtfy-11\">\n<li class=\"gtfy-7 gutenify-list-item\"><strong>Elastyczno\u015b\u0107 uk\u0142adu:<\/strong> Mo\u017cliwo\u015b\u0107 ustawienia sali w stylu bankietowym (okr\u0105g\u0142e sto\u0142y), teatralnym, szkoleniowym lub koktajlowym (stoliki barowe).<\/li>\n\n\n\n<li class=\"gtfy-8 gutenify-list-item\"><strong>Catering eventowy:<\/strong> Przerwy kawowe, lunche biznesowe, wykwintne kolacje serwowane lub urozmaicone bufety szwedzkie.<\/li>\n\n\n\n<li class=\"gtfy-9 gutenify-list-item\"><strong>Zaplecze techniczne:<\/strong> Zapewniamy dost\u0119p do szybkiego Wi-Fi, rzutnika, ekranu, mikrofon\u00f3w oraz profesjonalnego nag\u0142o\u015bnienia i o\u015bwietlenia sali.<\/li>\n\n\n\n<li class=\"gtfy-10 gutenify-list-item\"><strong>Profesjonalna koordynacja:<\/strong> Czuwamy nad przebiegiem eventu od pierwszego go\u015bcia a\u017c po zako\u0144czenie wydarzenia.<\/li>\n<\/ul>\n","protected":false},"excerpt":{"rendered":"<p>Szukasz wyj\u0105tkowego miejsca na zorganizowanie wydarzenia dla Twojej firmy, fundacji lub spo\u0142eczno\u015bci? Jeste\u015bmy gotowi na [&hellip;]<\/p>\n","protected":false},"author":1,"featured_media":0,"parent":0,"menu_order":0,"comment_status":"closed","ping_status":"closed","template":"","meta":{"footnotes":""},"class_list":["post-278","page","type-page","status-publish","hentry"],"yoast_head":"<!-- This site is optimized with the Yoast SEO plugin v27.1.1 - https:\/\/yoast.com\/product\/yoast-seo-wordpress\/ -->\n<title>Eventy, Gale i Uroczysto\u015bci Firmowe \u2013 Twoja okazja, nasza pasja - Gastro Tesoro<\/title>\n<meta name=\"robots\" content=\"index, follow, max-snippet:-1, max-image-preview:large, max-video-preview:-1\" \/>\n<link rel=\"canonical\" href=\"https:\/\/gastrotesoro.com.pl\/?page_id=278\" \/>\n<meta property=\"og:locale\" content=\"en_US\" \/>\n<meta property=\"og:type\" content=\"article\" \/>\n<meta property=\"og:title\" content=\"Eventy, Gale i Uroczysto\u015bci Firmowe \u2013 Twoja okazja, nasza pasja - Gastro Tesoro\" \/>\n<meta property=\"og:description\" content=\"Szukasz wyj\u0105tkowego miejsca na zorganizowanie wydarzenia dla Twojej firmy, fundacji lub spo\u0142eczno\u015bci? Jeste\u015bmy gotowi na [&hellip;]\" \/>\n<meta property=\"og:url\" content=\"https:\/\/gastrotesoro.com.pl\/?page_id=278\" \/>\n<meta property=\"og:site_name\" content=\"Gastro Tesoro\" \/>\n<meta property=\"article:modified_time\" content=\"2026-04-08T08:38:46+00:00\" \/>\n<meta name=\"twitter:card\" content=\"summary_large_image\" \/>\n<meta name=\"twitter:label1\" content=\"Est. reading time\" \/>\n\t<meta name=\"twitter:data1\" content=\"1 minute\" \/>\n<script type=\"application\/ld+json\" class=\"yoast-schema-graph\">{\"@context\":\"https:\/\/schema.org\",\"@graph\":[{\"@type\":\"WebPage\",\"@id\":\"https:\/\/gastrotesoro.com.pl\/?page_id=278\",\"url\":\"https:\/\/gastrotesoro.com.pl\/?page_id=278\",\"name\":\"Eventy, Gale i Uroczysto\u015bci Firmowe \u2013 Twoja okazja, nasza pasja - Gastro Tesoro\",\"isPartOf\":{\"@id\":\"https:\/\/gastrotesoro.com.pl\/#website\"},\"datePublished\":\"2026-04-08T08:38:45+00:00\",\"dateModified\":\"2026-04-08T08:38:46+00:00\",\"breadcrumb\":{\"@id\":\"https:\/\/gastrotesoro.com.pl\/?page_id=278#breadcrumb\"},\"inLanguage\":\"en-US\",\"potentialAction\":[{\"@type\":\"ReadAction\",\"target\":[\"https:\/\/gastrotesoro.com.pl\/?page_id=278\"]}]},{\"@type\":\"BreadcrumbList\",\"@id\":\"https:\/\/gastrotesoro.com.pl\/?page_id=278#breadcrumb\",\"itemListElement\":[{\"@type\":\"ListItem\",\"position\":1,\"name\":\"Home\",\"item\":\"https:\/\/gastrotesoro.com.pl\/\"},{\"@type\":\"ListItem\",\"position\":2,\"name\":\"Eventy, Gale i Uroczysto\u015bci Firmowe \u2013 Twoja okazja, nasza pasja\"}]},{\"@type\":\"WebSite\",\"@id\":\"https:\/\/gastrotesoro.com.pl\/#website\",\"url\":\"https:\/\/gastrotesoro.com.pl\/\",\"name\":\"Gastro Tesoro\",\"description\":\"\",\"publisher\":{\"@id\":\"https:\/\/gastrotesoro.com.pl\/#organization\"},\"potentialAction\":[{\"@type\":\"SearchAction\",\"target\":{\"@type\":\"EntryPoint\",\"urlTemplate\":\"https:\/\/gastrotesoro.com.pl\/?s={search_term_string}\"},\"query-input\":{\"@type\":\"PropertyValueSpecification\",\"valueRequired\":true,\"valueName\":\"search_term_string\"}}],\"inLanguage\":\"en-US\"},{\"@type\":\"Organization\",\"@id\":\"https:\/\/gastrotesoro.com.pl\/#organization\",\"name\":\"Gastro Tesoro\",\"url\":\"https:\/\/gastrotesoro.com.pl\/\",\"logo\":{\"@type\":\"ImageObject\",\"inLanguage\":\"en-US\",\"@id\":\"https:\/\/gastrotesoro.com.pl\/#\/schema\/logo\/image\/\",\"url\":\"https:\/\/gastrotesoro.com.pl\/wp-content\/uploads\/2026\/02\/WhatsApp-Image-2026-02-05-at-23.49.png\",\"contentUrl\":\"https:\/\/gastrotesoro.com.pl\/wp-content\/uploads\/2026\/02\/WhatsApp-Image-2026-02-05-at-23.49.png\",\"width\":300,\"height\":159,\"caption\":\"Gastro Tesoro\"},\"image\":{\"@id\":\"https:\/\/gastrotesoro.com.pl\/#\/schema\/logo\/image\/\"}}]}<\/script>\n<!-- \/ Yoast SEO plugin. -->","yoast_head_json":{"title":"Eventy, Gale i Uroczysto\u015bci Firmowe \u2013 Twoja okazja, nasza pasja - Gastro Tesoro","robots":{"index":"index","follow":"follow","max-snippet":"max-snippet:-1","max-image-preview":"max-image-preview:large","max-video-preview":"max-video-preview:-1"},"canonical":"https:\/\/gastrotesoro.com.pl\/?page_id=278","og_locale":"en_US","og_type":"article","og_title":"Eventy, Gale i Uroczysto\u015bci Firmowe \u2013 Twoja okazja, nasza pasja - Gastro Tesoro","og_description":"Szukasz wyj\u0105tkowego miejsca na zorganizowanie wydarzenia dla Twojej firmy, fundacji lub spo\u0142eczno\u015bci? Jeste\u015bmy gotowi na [&hellip;]","og_url":"https:\/\/gastrotesoro.com.pl\/?page_id=278","og_site_name":"Gastro Tesoro","article_modified_time":"2026-04-08T08:38:46+00:00","twitter_card":"summary_large_image","twitter_misc":{"Est. reading time":"1 minute"},"schema":{"@context":"https:\/\/schema.org","@graph":[{"@type":"WebPage","@id":"https:\/\/gastrotesoro.com.pl\/?page_id=278","url":"https:\/\/gastrotesoro.com.pl\/?page_id=278","name":"Eventy, Gale i Uroczysto\u015bci Firmowe \u2013 Twoja okazja, nasza pasja - Gastro Tesoro","isPartOf":{"@id":"https:\/\/gastrotesoro.com.pl\/#website"},"datePublished":"2026-04-08T08:38:45+00:00","dateModified":"2026-04-08T08:38:46+00:00","breadcrumb":{"@id":"https:\/\/gastrotesoro.com.pl\/?page_id=278#breadcrumb"},"inLanguage":"en-US","potentialAction":[{"@type":"ReadAction","target":["https:\/\/gastrotesoro.com.pl\/?page_id=278"]}]},{"@type":"BreadcrumbList","@id":"https:\/\/gastrotesoro.com.pl\/?page_id=278#breadcrumb","itemListElement":[{"@type":"ListItem","position":1,"name":"Home","item":"https:\/\/gastrotesoro.com.pl\/"},{"@type":"ListItem","position":2,"name":"Eventy, Gale i Uroczysto\u015bci Firmowe \u2013 Twoja okazja, nasza pasja"}]},{"@type":"WebSite","@id":"https:\/\/gastrotesoro.com.pl\/#website","url":"https:\/\/gastrotesoro.com.pl\/","name":"Gastro Tesoro","description":"","publisher":{"@id":"https:\/\/gastrotesoro.com.pl\/#organization"},"potentialAction":[{"@type":"SearchAction","target":{"@type":"EntryPoint","urlTemplate":"https:\/\/gastrotesoro.com.pl\/?s={search_term_string}"},"query-input":{"@type":"PropertyValueSpecification","valueRequired":true,"valueName":"search_term_string"}}],"inLanguage":"en-US"},{"@type":"Organization","@id":"https:\/\/gastrotesoro.com.pl\/#organization","name":"Gastro Tesoro","url":"https:\/\/gastrotesoro.com.pl\/","logo":{"@type":"ImageObject","inLanguage":"en-US","@id":"https:\/\/gastrotesoro.com.pl\/#\/schema\/logo\/image\/","url":"https:\/\/gastrotesoro.com.pl\/wp-content\/uploads\/2026\/02\/WhatsApp-Image-2026-02-05-at-23.49.png","contentUrl":"https:\/\/gastrotesoro.com.pl\/wp-content\/uploads\/2026\/02\/WhatsApp-Image-2026-02-05-at-23.49.png","width":300,"height":159,"caption":"Gastro Tesoro"},"image":{"@id":"https:\/\/gastrotesoro.com.pl\/#\/schema\/logo\/image\/"}}]}},"_links":{"self":[{"href":"https:\/\/gastrotesoro.com.pl\/index.php?rest_route=\/wp\/v2\/pages\/278","targetHints":{"allow":["GET"]}}],"collection":[{"href":"https:\/\/gastrotesoro.com.pl\/index.php?rest_route=\/wp\/v2\/pages"}],"about":[{"href":"https:\/\/gastrotesoro.com.pl\/index.php?rest_route=\/wp\/v2\/types\/page"}],"author":[{"embeddable":true,"href":"https:\/\/gastrotesoro.com.pl\/index.php?rest_route=\/wp\/v2\/users\/1"}],"replies":[{"embeddable":true,"href":"https:\/\/gastrotesoro.com.pl\/index.php?rest_route=%2Fwp%2Fv2%2Fcomments&post=278"}],"version-history":[{"count":1,"href":"https:\/\/gastrotesoro.com.pl\/index.php?rest_route=\/wp\/v2\/pages\/278\/revisions"}],"predecessor-version":[{"id":279,"href":"https:\/\/gastrotesoro.com.pl\/index.php?rest_route=\/wp\/v2\/pages\/278\/revisions\/279"}],"wp:attachment":[{"href":"https:\/\/gastrotesoro.com.pl\/index.php?rest_route=%2Fwp%2Fv2%2Fmedia&parent=278"}],"curies":[{"name":"wp","href":"https:\/\/api.w.org\/{rel}","templated":true}]}}