{"id":281,"date":"2026-04-08T10:41:39","date_gmt":"2026-04-08T08:41:39","guid":{"rendered":"https:\/\/gastrotesoro.com.pl\/?page_id=281"},"modified":"2026-04-08T10:41:39","modified_gmt":"2026-04-08T08:41:39","slug":"rocznice-i-spotkania-rodzinne-celebrowanie-wspolnej-drogi","status":"publish","type":"page","link":"https:\/\/gastrotesoro.com.pl\/?page_id=281","title":{"rendered":"Rocznice i Spotkania Rodzinne \u2013 Celebrowanie wsp\u00f3lnej drogi"},"content":{"rendered":"\n<p class=\"gtfy-1\">Rodzina to najwi\u0119ksza warto\u015b\u0107, a czas sp\u0119dzony razem jest bezcenny. Rocznica \u015blubu (Z\u0142ote lub Srebrne Gody), zjazd rodzinny po latach czy inna wa\u017cna data w Waszym kalendarzu zas\u0142uguj\u0105 na opraw\u0119 premium. Wierzymy, \u017ce takie chwile wymagaj\u0105 odpowiedniego klimatu, dlatego tworzymy dla Was przestrze\u0144 do pi\u0119knych wspomnie\u0144 i d\u0142ugich rozm\u00f3w.<\/p>\n\n\n\n<p class=\"gtfy-4\"><strong>Co obejmuje nasza oferta?<\/strong><\/p>\n\n\n\n<ul class=\"wp-block-list gtfy-11\">\n<li class=\"gtfy-7 gutenify-list-item\"><strong>Klimatyczna aran\u017cacja:<\/strong> Tworzymy przytuln\u0105, ale eleganck\u0105 atmosfer\u0119, dostosowuj\u0105c o\u015bwietlenie, muzyk\u0119 w tle i ustawienie sto\u0142\u00f3w do charakteru spotkania.<\/li>\n\n\n\n<li class=\"gtfy-8 gutenify-list-item\"><strong>Menu na miar\u0119:<\/strong> Od uroczystego obiadu z deserem, po bogat\u0105 zimn\u0105 p\u0142yt\u0119 i gor\u0105ce kolacje. Dopasowujemy smaki do upodoba\u0144 r\u00f3\u017cnych pokole\u0144 go\u015bci.<\/li>\n\n\n\n<li class=\"gtfy-9 gutenify-list-item\"><strong>Sprz\u0119t multimedialny:<\/strong> Chcecie powspomina\u0107 dawne czasy? Udost\u0119pniamy rzutnik i ekran do pokazu zdj\u0119\u0107 lub rodzinnych film\u00f3w.<\/li>\n\n\n\n<li class=\"gtfy-10 gutenify-list-item\"><strong>Prywatno\u015b\u0107 i swoboda:<\/strong> Gwarantujemy dyskretn\u0105 obs\u0142ug\u0119, aby\u015bcie mogli skupi\u0107 si\u0119 wy\u0142\u0105cznie na sobie i swoich bliskich.<\/li>\n<\/ul>\n","protected":false},"excerpt":{"rendered":"<p>Rodzina to najwi\u0119ksza warto\u015b\u0107, a czas sp\u0119dzony razem jest bezcenny. Rocznica \u015blubu (Z\u0142ote lub Srebrne [&hellip;]<\/p>\n","protected":false},"author":1,"featured_media":0,"parent":0,"menu_order":0,"comment_status":"closed","ping_status":"closed","template":"","meta":{"footnotes":""},"class_list":["post-281","page","type-page","status-publish","hentry"],"yoast_head":"<!-- This site is optimized with the Yoast SEO plugin v27.1.1 - https:\/\/yoast.com\/product\/yoast-seo-wordpress\/ -->\n<title>Rocznice i Spotkania Rodzinne \u2013 Celebrowanie wsp\u00f3lnej drogi - Gastro Tesoro<\/title>\n<meta name=\"robots\" content=\"index, follow, max-snippet:-1, max-image-preview:large, max-video-preview:-1\" \/>\n<link rel=\"canonical\" href=\"https:\/\/gastrotesoro.com.pl\/?page_id=281\" \/>\n<meta property=\"og:locale\" content=\"en_US\" \/>\n<meta property=\"og:type\" content=\"article\" \/>\n<meta property=\"og:title\" content=\"Rocznice i Spotkania Rodzinne \u2013 Celebrowanie wsp\u00f3lnej drogi - Gastro Tesoro\" \/>\n<meta property=\"og:description\" content=\"Rodzina to najwi\u0119ksza warto\u015b\u0107, a czas sp\u0119dzony razem jest bezcenny. Rocznica \u015blubu (Z\u0142ote lub Srebrne [&hellip;]\" \/>\n<meta property=\"og:url\" content=\"https:\/\/gastrotesoro.com.pl\/?page_id=281\" \/>\n<meta property=\"og:site_name\" content=\"Gastro Tesoro\" \/>\n<meta name=\"twitter:card\" content=\"summary_large_image\" \/>\n<script type=\"application\/ld+json\" class=\"yoast-schema-graph\">{\"@context\":\"https:\/\/schema.org\",\"@graph\":[{\"@type\":\"WebPage\",\"@id\":\"https:\/\/gastrotesoro.com.pl\/?page_id=281\",\"url\":\"https:\/\/gastrotesoro.com.pl\/?page_id=281\",\"name\":\"Rocznice i Spotkania Rodzinne \u2013 Celebrowanie wsp\u00f3lnej drogi - Gastro Tesoro\",\"isPartOf\":{\"@id\":\"https:\/\/gastrotesoro.com.pl\/#website\"},\"datePublished\":\"2026-04-08T08:41:39+00:00\",\"breadcrumb\":{\"@id\":\"https:\/\/gastrotesoro.com.pl\/?page_id=281#breadcrumb\"},\"inLanguage\":\"en-US\",\"potentialAction\":[{\"@type\":\"ReadAction\",\"target\":[\"https:\/\/gastrotesoro.com.pl\/?page_id=281\"]}]},{\"@type\":\"BreadcrumbList\",\"@id\":\"https:\/\/gastrotesoro.com.pl\/?page_id=281#breadcrumb\",\"itemListElement\":[{\"@type\":\"ListItem\",\"position\":1,\"name\":\"Home\",\"item\":\"https:\/\/gastrotesoro.com.pl\/\"},{\"@type\":\"ListItem\",\"position\":2,\"name\":\"Rocznice i Spotkania Rodzinne \u2013 Celebrowanie wsp\u00f3lnej drogi\"}]},{\"@type\":\"WebSite\",\"@id\":\"https:\/\/gastrotesoro.com.pl\/#website\",\"url\":\"https:\/\/gastrotesoro.com.pl\/\",\"name\":\"Gastro Tesoro\",\"description\":\"\",\"publisher\":{\"@id\":\"https:\/\/gastrotesoro.com.pl\/#organization\"},\"potentialAction\":[{\"@type\":\"SearchAction\",\"target\":{\"@type\":\"EntryPoint\",\"urlTemplate\":\"https:\/\/gastrotesoro.com.pl\/?s={search_term_string}\"},\"query-input\":{\"@type\":\"PropertyValueSpecification\",\"valueRequired\":true,\"valueName\":\"search_term_string\"}}],\"inLanguage\":\"en-US\"},{\"@type\":\"Organization\",\"@id\":\"https:\/\/gastrotesoro.com.pl\/#organization\",\"name\":\"Gastro Tesoro\",\"url\":\"https:\/\/gastrotesoro.com.pl\/\",\"logo\":{\"@type\":\"ImageObject\",\"inLanguage\":\"en-US\",\"@id\":\"https:\/\/gastrotesoro.com.pl\/#\/schema\/logo\/image\/\",\"url\":\"https:\/\/gastrotesoro.com.pl\/wp-content\/uploads\/2026\/02\/WhatsApp-Image-2026-02-05-at-23.49.png\",\"contentUrl\":\"https:\/\/gastrotesoro.com.pl\/wp-content\/uploads\/2026\/02\/WhatsApp-Image-2026-02-05-at-23.49.png\",\"width\":300,\"height\":159,\"caption\":\"Gastro Tesoro\"},\"image\":{\"@id\":\"https:\/\/gastrotesoro.com.pl\/#\/schema\/logo\/image\/\"}}]}<\/script>\n<!-- \/ Yoast SEO plugin. -->","yoast_head_json":{"title":"Rocznice i Spotkania Rodzinne \u2013 Celebrowanie wsp\u00f3lnej drogi - Gastro Tesoro","robots":{"index":"index","follow":"follow","max-snippet":"max-snippet:-1","max-image-preview":"max-image-preview:large","max-video-preview":"max-video-preview:-1"},"canonical":"https:\/\/gastrotesoro.com.pl\/?page_id=281","og_locale":"en_US","og_type":"article","og_title":"Rocznice i Spotkania Rodzinne \u2013 Celebrowanie wsp\u00f3lnej drogi - Gastro Tesoro","og_description":"Rodzina to najwi\u0119ksza warto\u015b\u0107, a czas sp\u0119dzony razem jest bezcenny. Rocznica \u015blubu (Z\u0142ote lub Srebrne [&hellip;]","og_url":"https:\/\/gastrotesoro.com.pl\/?page_id=281","og_site_name":"Gastro Tesoro","twitter_card":"summary_large_image","schema":{"@context":"https:\/\/schema.org","@graph":[{"@type":"WebPage","@id":"https:\/\/gastrotesoro.com.pl\/?page_id=281","url":"https:\/\/gastrotesoro.com.pl\/?page_id=281","name":"Rocznice i Spotkania Rodzinne \u2013 Celebrowanie wsp\u00f3lnej drogi - Gastro Tesoro","isPartOf":{"@id":"https:\/\/gastrotesoro.com.pl\/#website"},"datePublished":"2026-04-08T08:41:39+00:00","breadcrumb":{"@id":"https:\/\/gastrotesoro.com.pl\/?page_id=281#breadcrumb"},"inLanguage":"en-US","potentialAction":[{"@type":"ReadAction","target":["https:\/\/gastrotesoro.com.pl\/?page_id=281"]}]},{"@type":"BreadcrumbList","@id":"https:\/\/gastrotesoro.com.pl\/?page_id=281#breadcrumb","itemListElement":[{"@type":"ListItem","position":1,"name":"Home","item":"https:\/\/gastrotesoro.com.pl\/"},{"@type":"ListItem","position":2,"name":"Rocznice i Spotkania Rodzinne \u2013 Celebrowanie wsp\u00f3lnej drogi"}]},{"@type":"WebSite","@id":"https:\/\/gastrotesoro.com.pl\/#website","url":"https:\/\/gastrotesoro.com.pl\/","name":"Gastro Tesoro","description":"","publisher":{"@id":"https:\/\/gastrotesoro.com.pl\/#organization"},"potentialAction":[{"@type":"SearchAction","target":{"@type":"EntryPoint","urlTemplate":"https:\/\/gastrotesoro.com.pl\/?s={search_term_string}"},"query-input":{"@type":"PropertyValueSpecification","valueRequired":true,"valueName":"search_term_string"}}],"inLanguage":"en-US"},{"@type":"Organization","@id":"https:\/\/gastrotesoro.com.pl\/#organization","name":"Gastro Tesoro","url":"https:\/\/gastrotesoro.com.pl\/","logo":{"@type":"ImageObject","inLanguage":"en-US","@id":"https:\/\/gastrotesoro.com.pl\/#\/schema\/logo\/image\/","url":"https:\/\/gastrotesoro.com.pl\/wp-content\/uploads\/2026\/02\/WhatsApp-Image-2026-02-05-at-23.49.png","contentUrl":"https:\/\/gastrotesoro.com.pl\/wp-content\/uploads\/2026\/02\/WhatsApp-Image-2026-02-05-at-23.49.png","width":300,"height":159,"caption":"Gastro Tesoro"},"image":{"@id":"https:\/\/gastrotesoro.com.pl\/#\/schema\/logo\/image\/"}}]}},"_links":{"self":[{"href":"https:\/\/gastrotesoro.com.pl\/index.php?rest_route=\/wp\/v2\/pages\/281","targetHints":{"allow":["GET"]}}],"collection":[{"href":"https:\/\/gastrotesoro.com.pl\/index.php?rest_route=\/wp\/v2\/pages"}],"about":[{"href":"https:\/\/gastrotesoro.com.pl\/index.php?rest_route=\/wp\/v2\/types\/page"}],"author":[{"embeddable":true,"href":"https:\/\/gastrotesoro.com.pl\/index.php?rest_route=\/wp\/v2\/users\/1"}],"replies":[{"embeddable":true,"href":"https:\/\/gastrotesoro.com.pl\/index.php?rest_route=%2Fwp%2Fv2%2Fcomments&post=281"}],"version-history":[{"count":1,"href":"https:\/\/gastrotesoro.com.pl\/index.php?rest_route=\/wp\/v2\/pages\/281\/revisions"}],"predecessor-version":[{"id":282,"href":"https:\/\/gastrotesoro.com.pl\/index.php?rest_route=\/wp\/v2\/pages\/281\/revisions\/282"}],"wp:attachment":[{"href":"https:\/\/gastrotesoro.com.pl\/index.php?rest_route=%2Fwp%2Fv2%2Fmedia&parent=281"}],"curies":[{"name":"wp","href":"https:\/\/api.w.org\/{rel}","templated":true}]}}